{"id":1800,"date":"2025-10-05T22:11:51","date_gmt":"2025-10-06T03:11:51","guid":{"rendered":"https:\/\/www.plancuts.com\/?page_id=1800"},"modified":"2025-10-25T09:19:23","modified_gmt":"2025-10-25T14:19:23","slug":"politique-de-confidentialite","status":"publish","type":"page","link":"https:\/\/www.plancuts.com\/fr\/politique-de-confidentialite\/","title":{"rendered":"Politique de confidentialit\u00e9"},"content":{"rendered":"<div data-elementor-type=\"wp-page\" data-elementor-id=\"1800\" class=\"elementor elementor-1800\" data-elementor-post-type=\"page\">\n\t\t\t\t<div class=\"elementor-element elementor-element-837e33e e-flex e-con-boxed e-con e-parent\" data-id=\"837e33e\" data-element_type=\"container\" data-settings=\"{&quot;background_background&quot;:&quot;classic&quot;}\">\n\t\t\t\t\t<div class=\"e-con-inner\">\n\t\t<div class=\"elementor-element elementor-element-387eced7 e-con-full e-flex e-con e-child\" data-id=\"387eced7\" data-element_type=\"container\">\n\t\t\t\t<div class=\"elementor-element elementor-element-3c5b4bc7 elementor-widget elementor-widget-heading\" data-id=\"3c5b4bc7\" data-element_type=\"widget\" data-widget_type=\"heading.default\">\n\t\t\t\t<div class=\"elementor-widget-container\">\n\t\t\t\t\t<h2 class=\"elementor-heading-title elementor-size-default\">Politique de confidentialit\u00e9<\/h2>\t\t\t\t<\/div>\n\t\t\t\t<\/div>\n\t\t\t\t<div class=\"elementor-element elementor-element-4bffa177 elementor-widget-divider--view-line elementor-widget elementor-widget-divider\" data-id=\"4bffa177\" data-element_type=\"widget\" data-widget_type=\"divider.default\">\n\t\t\t\t<div class=\"elementor-widget-container\">\n\t\t\t\t\t\t\t<div class=\"elementor-divider\">\n\t\t\t<span class=\"elementor-divider-separator\">\n\t\t\t\t\t\t<\/span>\n\t\t<\/div>\n\t\t\t\t\t\t<\/div>\n\t\t\t\t<\/div>\n\t\t<div class=\"elementor-element elementor-element-5eaab727 e-con-full e-flex e-con e-child\" data-id=\"5eaab727\" data-element_type=\"container\">\n\t\t<div class=\"elementor-element elementor-element-332b2e9c e-con-full e-flex e-con e-child\" data-id=\"332b2e9c\" data-element_type=\"container\">\n\t\t\t\t<div class=\"elementor-element elementor-element-642b14e3 elementor-widget elementor-widget-text-editor\" data-id=\"642b14e3\" data-element_type=\"widget\" data-widget_type=\"text-editor.default\">\n\t\t\t\t<div class=\"elementor-widget-container\">\n\t\t\t\t\t\t\t\t\t<p>Nous respectons votre vie priv\u00e9e et nous nous engageons \u00e0 prot\u00e9ger vos informations personnelles. Cette politique de confidentialit\u00e9 explique comment nous collectons, utilisons, stockons et prot\u00e9geons vos donn\u00e9es lorsque vous visitez ou utilisez notre site web et nos services connexes.<\/p><p><strong style=\"font-size: 16px;\">1\u3001Information recueillie<\/strong><\/p><p>Nous pouvons recueillir les types d'informations suivants afin de vous fournir de meilleurs produits et services :<\/p><p>(1) Informations que vous fournissez Lorsque vous vous inscrivez, passez une commande, laissez un message ou nous contactez, vous pouvez fournir des informations :<\/p><p>-Votre nom, vos coordonn\u00e9es, votre adresse \u00e9lectronique et votre adresse de livraison ;<\/p><p>-Informations relatives au paiement (trait\u00e9es de mani\u00e8re s\u00e9curis\u00e9e par des plateformes de paiement tierces ; nous ne conservons pas l'int\u00e9gralit\u00e9 des donn\u00e9es relatives au paiement).<\/p><p>(2) Les informations que nous recueillons automatiquement :<\/p><p>-Informations sur l'appareil (type de navigateur, syst\u00e8me d'exploitation, adresse IP) ;<\/p><p>-les donn\u00e9es relatives \u00e0 l'utilisation du site web (pages visit\u00e9es, temps de visite, dur\u00e9e et comportement en mati\u00e8re de clics).<\/p><p>(3) Cookies et technologies similaires<\/p><p>Nous pouvons utiliser des cookies pour am\u00e9liorer votre exp\u00e9rience de navigation, par exemple en m\u00e9morisant votre statut de connexion ou en analysant le trafic.<\/p><p>Vous pouvez d\u00e9sactiver les cookies dans les param\u00e8tres de votre navigateur, mais cela peut affecter certaines fonctions du site web.<\/p><p><strong style=\"font-size: 16px;\">2\u3001Comment nous utilisons vos informations<\/strong><\/p><p>Nous pouvons utiliser vos donn\u00e9es personnelles aux fins suivantes :<\/p><p>(1) Pour traiter et ex\u00e9cuter vos commandes, vos paiements et vos envois ;<\/p><p>(2) Fournir une assistance \u00e0 la client\u00e8le et un service apr\u00e8s-vente ;<\/p><p>(3) Am\u00e9liorer nos produits, nos services et les performances de notre site web ;<\/p><p>(4) Pour vous envoyer des notifications relatives \u00e0 votre commande ;<\/p><p>(5) Pour envoyer des messages promotionnels ou de marketing (uniquement avec votre consentement) ;<\/p><p>(6) Se conformer aux lois et r\u00e8glements applicables.<\/p><p><strong style=\"font-size: 16px;\">3\u3001Information partag\u00e9e et divulgu\u00e9e<\/strong><\/p><p>Nous ne vendrons pas, ne louerons pas et ne partagerons pas vos informations personnelles avec des tiers non li\u00e9s, sauf dans les circonstances suivantes :<\/p><p>(1) Lorsque cela est n\u00e9cessaire pour assurer des services tels que le paiement ou la livraison (par exemple, processeurs de paiement, fournisseurs de services logistiques) ;<\/p><p>(2) Lorsque les lois, les r\u00e8glements ou les autorit\u00e9s gouvernementales l'exigent ;<\/p><p>(3) lorsque cela est n\u00e9cessaire pour prot\u00e9ger nos droits l\u00e9gitimes ou ceux des autres utilisateurs ;<\/p><p>(4) Lorsque vous avez donn\u00e9 votre consentement ou votre autorisation pr\u00e9alable.<\/p><p><strong style=\"font-size: 16px;\">4\u3001Stockage et s\u00e9curit\u00e9 des donn\u00e9es<\/strong><\/p><p>(1) Nous mettons en \u0153uvre des mesures techniques et organisationnelles raisonnables pour pr\u00e9venir la perte de donn\u00e9es, l'utilisation abusive ou l'acc\u00e8s non autoris\u00e9.<\/p><p>(2) Vos donn\u00e9es personnelles sont stock\u00e9es en toute s\u00e9curit\u00e9 sur des serveurs conformes aux exigences nationales en mati\u00e8re de s\u00e9curit\u00e9 des donn\u00e9es.<\/p><p>(3) En cas de violation des donn\u00e9es, nous vous informerons, ainsi que les autorit\u00e9s comp\u00e9tentes, conform\u00e9ment aux exigences l\u00e9gales.<\/p><p><strong style=\"font-size: 16px;\">5\u3001Vos droits<\/strong><\/p><p>Vous avez le droit de :<\/p><p>(1) Acc\u00e9der, corriger ou supprimer vos informations personnelles ;<\/p><p>(2) Retirer son consentement \u00e0 tout moment ;<\/p><p>(3) Demander des \u00e9claircissements sur la pr\u00e9sente politique de protection de la vie priv\u00e9e.<\/p><p>Pour exercer ces droits, veuillez nous contacter en utilisant les informations ci-dessous.<\/p><p><strong style=\"font-size: 16px;\">6\u3001Protection des mineurs<\/strong><\/p><p>Si vous avez moins de 18 ans, veuillez utiliser nos services sous la supervision d'un parent ou d'un tuteur, et assurez-vous qu'il a lu et accept\u00e9 la pr\u00e9sente politique de confidentialit\u00e9.<\/p><p><strong style=\"font-size: 16px;\">7\u3001Mises \u00e0 jour de la pr\u00e9sente politique<\/strong><\/p><p>Nous pouvons mettre \u00e0 jour la pr\u00e9sente politique de confidentialit\u00e9 p\u00e9riodiquement afin de refl\u00e9ter les modifications apport\u00e9es aux lois, aux r\u00e9glementations ou \u00e0 nos activit\u00e9s commerciales.<\/p><p><strong style=\"font-size: 16px;\">8\u3001Contactez-nous<\/strong><\/p><p>Si vous avez des questions, des suggestions ou des plaintes concernant la pr\u00e9sente politique de confidentialit\u00e9 ou nos pratiques en mati\u00e8re de protection des donn\u00e9es, veuillez nous contacter \u00e0 l'adresse suivante<\/p><p>Nom de l'entreprise : Linyi Linear Geometry Network Co, Ltd.<\/p><p>Adresse : 7\u00e8me \u00e9tage, China Resources Building, Yimeng Road, Lanshan District, Linyi, Shandong, Chine<\/p><p>Courriel :<a href=\"mailto:service@plancuts.com\">service@plancuts.com<\/a><\/p><p><strong>Date d'entr\u00e9e en vigueur : 6 octobre 2025<\/strong><\/p>\t\t\t\t\t\t\t\t<\/div>\n\t\t\t\t<\/div>\n\t\t\t\t<\/div>\n\t\t\t\t<\/div>\n\t\t<div class=\"elementor-element elementor-element-67e92bc e-con-full e-flex e-con e-child\" data-id=\"67e92bc\" data-element_type=\"container\">\n\t\t<div class=\"elementor-element elementor-element-4d78beac e-con-full e-flex e-con e-child\" data-id=\"4d78beac\" data-element_type=\"container\" data-settings=\"{&quot;background_background&quot;:&quot;classic&quot;}\">\n\t\t\t\t<div class=\"elementor-element elementor-element-15cb91e2 elementor-view-framed elementor-shape-circle elementor-position-block-start elementor-mobile-position-block-start elementor-widget elementor-widget-icon-box\" data-id=\"15cb91e2\" data-element_type=\"widget\" data-widget_type=\"icon-box.default\">\n\t\t\t\t<div class=\"elementor-widget-container\">\n\t\t\t\t\t\t\t<div class=\"elementor-icon-box-wrapper\">\n\n\t\t\t\t\t\t<div class=\"elementor-icon-box-icon\">\n\t\t\t\t<span  class=\"elementor-icon\">\n\t\t\t\t<i aria-hidden=\"true\" class=\"far fa-file-alt\"><\/i>\t\t\t\t<\/span>\n\t\t\t<\/div>\n\t\t\t\n\t\t\t\t\t\t<div class=\"elementor-icon-box-content\">\n\n\t\t\t\t\t\t\t\t\t<h3 class=\"elementor-icon-box-title\">\n\t\t\t\t\t\t<span  >\n\t\t\t\t\t\t\tAvis sur la propri\u00e9t\u00e9 intellectuelle\t\t\t\t\t\t<\/span>\n\t\t\t\t\t<\/h3>\n\t\t\t\t\n\t\t\t\t\t\t\t\t\t<p class=\"elementor-icon-box-description\">\n\t\t\t\t\t\tTous les fichiers de conception, dessins, fichiers de programmation CNC\t\t\t\t\t<\/p>\n\t\t\t\t\n\t\t\t<\/div>\n\t\t\t\n\t\t<\/div>\n\t\t\t\t\t\t<\/div>\n\t\t\t\t<\/div>\n\t\t\t\t<div class=\"elementor-element elementor-element-33f76514 elementor-widget elementor-widget-button\" data-id=\"33f76514\" data-element_type=\"widget\" data-widget_type=\"button.default\">\n\t\t\t\t<div class=\"elementor-widget-container\">\n\t\t\t\t\t\t\t\t\t<div class=\"elementor-button-wrapper\">\n\t\t\t\t\t<a class=\"elementor-button elementor-button-link elementor-size-sm\" href=\"\/fr\/droit-dauteur\/\">\n\t\t\t\t\t\t<span class=\"elementor-button-content-wrapper\">\n\t\t\t\t\t\t<span class=\"elementor-button-icon\">\n\t\t\t\t<i aria-hidden=\"true\" class=\"fas fa-long-arrow-alt-right\"><\/i>\t\t\t<\/span>\n\t\t\t\t\t\t\t\t\t<span class=\"elementor-button-text\"> Plus de contenu<\/span>\n\t\t\t\t\t<\/span>\n\t\t\t\t\t<\/a>\n\t\t\t\t<\/div>\n\t\t\t\t\t\t\t\t<\/div>\n\t\t\t\t<\/div>\n\t\t\t\t<\/div>\n\t\t<div class=\"elementor-element elementor-element-1f7d7681 e-con-full e-flex e-con e-child\" data-id=\"1f7d7681\" data-element_type=\"container\" data-settings=\"{&quot;background_background&quot;:&quot;classic&quot;}\">\n\t\t\t\t<div class=\"elementor-element elementor-element-6bc237a8 elementor-view-framed elementor-shape-circle elementor-position-block-start elementor-mobile-position-block-start elementor-widget elementor-widget-icon-box\" data-id=\"6bc237a8\" data-element_type=\"widget\" data-widget_type=\"icon-box.default\">\n\t\t\t\t<div class=\"elementor-widget-container\">\n\t\t\t\t\t\t\t<div class=\"elementor-icon-box-wrapper\">\n\n\t\t\t\t\t\t<div class=\"elementor-icon-box-icon\">\n\t\t\t\t<span  class=\"elementor-icon\">\n\t\t\t\t<i aria-hidden=\"true\" class=\"fas fa-heart\"><\/i>\t\t\t\t<\/span>\n\t\t\t<\/div>\n\t\t\t\n\t\t\t\t\t\t<div class=\"elementor-icon-box-content\">\n\n\t\t\t\t\t\t\t\t\t<h3 class=\"elementor-icon-box-title\">\n\t\t\t\t\t\t<span  >\n\t\t\t\t\t\t\tConditions d'utilisation\t\t\t\t\t\t<\/span>\n\t\t\t\t\t<\/h3>\n\t\t\t\t\n\t\t\t\t\t\t\t\t\t<p class=\"elementor-icon-box-description\">\n\t\t\t\t\t\tBienvenue sur le site de Plancuts . En acc\u00e9dant ou en utilisant notre site web www.plancuts.com ,\t\t\t\t\t<\/p>\n\t\t\t\t\n\t\t\t<\/div>\n\t\t\t\n\t\t<\/div>\n\t\t\t\t\t\t<\/div>\n\t\t\t\t<\/div>\n\t\t\t\t<div class=\"elementor-element elementor-element-697b72d9 elementor-widget elementor-widget-button\" data-id=\"697b72d9\" data-element_type=\"widget\" data-widget_type=\"button.default\">\n\t\t\t\t<div class=\"elementor-widget-container\">\n\t\t\t\t\t\t\t\t\t<div class=\"elementor-button-wrapper\">\n\t\t\t\t\t<a class=\"elementor-button elementor-button-link elementor-size-sm\" href=\"\/fr\/termes\/\">\n\t\t\t\t\t\t<span class=\"elementor-button-content-wrapper\">\n\t\t\t\t\t\t<span class=\"elementor-button-icon\">\n\t\t\t\t<i aria-hidden=\"true\" class=\"fas fa-long-arrow-alt-right\"><\/i>\t\t\t<\/span>\n\t\t\t\t\t\t\t\t\t<span class=\"elementor-button-text\"> Plus de contenu<\/span>\n\t\t\t\t\t<\/span>\n\t\t\t\t\t<\/a>\n\t\t\t\t<\/div>\n\t\t\t\t\t\t\t\t<\/div>\n\t\t\t\t<\/div>\n\t\t\t\t<\/div>\n\t\t<div class=\"elementor-element elementor-element-37726660 e-con-full e-flex e-con e-child\" data-id=\"37726660\" data-element_type=\"container\" data-settings=\"{&quot;background_background&quot;:&quot;classic&quot;}\">\n\t\t\t\t<div class=\"elementor-element elementor-element-1704660c elementor-view-framed elementor-shape-circle elementor-position-block-start elementor-mobile-position-block-start elementor-widget elementor-widget-icon-box\" data-id=\"1704660c\" data-element_type=\"widget\" data-widget_type=\"icon-box.default\">\n\t\t\t\t<div class=\"elementor-widget-container\">\n\t\t\t\t\t\t\t<div class=\"elementor-icon-box-wrapper\">\n\n\t\t\t\t\t\t<div class=\"elementor-icon-box-icon\">\n\t\t\t\t<span  class=\"elementor-icon\">\n\t\t\t\t<i aria-hidden=\"true\" class=\"fas fa-coins\"><\/i>\t\t\t\t<\/span>\n\t\t\t<\/div>\n\t\t\t\n\t\t\t\t\t\t<div class=\"elementor-icon-box-content\">\n\n\t\t\t\t\t\t\t\t\t<h3 class=\"elementor-icon-box-title\">\n\t\t\t\t\t\t<span  >\n\t\t\t\t\t\t\tPolitique de remboursement\t\t\t\t\t\t<\/span>\n\t\t\t\t\t<\/h3>\n\t\t\t\t\n\t\t\t\t\t\t\t\t\t<p class=\"elementor-icon-box-description\">\n\t\t\t\t\t\tMerci d'avoir achet\u00e9 nos produits num\u00e9riques et de lire attentivement notre politique de remboursement.\t\t\t\t\t<\/p>\n\t\t\t\t\n\t\t\t<\/div>\n\t\t\t\n\t\t<\/div>\n\t\t\t\t\t\t<\/div>\n\t\t\t\t<\/div>\n\t\t\t\t<div class=\"elementor-element elementor-element-5581fa0c elementor-widget elementor-widget-button\" data-id=\"5581fa0c\" data-element_type=\"widget\" data-widget_type=\"button.default\">\n\t\t\t\t<div class=\"elementor-widget-container\">\n\t\t\t\t\t\t\t\t\t<div class=\"elementor-button-wrapper\">\n\t\t\t\t\t<a class=\"elementor-button elementor-button-link elementor-size-sm\" href=\"\/fr\/Refund%20Policy\/\">\n\t\t\t\t\t\t<span class=\"elementor-button-content-wrapper\">\n\t\t\t\t\t\t<span class=\"elementor-button-icon\">\n\t\t\t\t<i aria-hidden=\"true\" class=\"fas fa-long-arrow-alt-right\"><\/i>\t\t\t<\/span>\n\t\t\t\t\t\t\t\t\t<span class=\"elementor-button-text\"> Plus de contenu<\/span>\n\t\t\t\t\t<\/span>\n\t\t\t\t\t<\/a>\n\t\t\t\t<\/div>\n\t\t\t\t\t\t\t\t<\/div>\n\t\t\t\t<\/div>\n\t\t\t\t<\/div>\n\t\t\t\t<\/div>\n\t\t\t\t<\/div>\n\t\t\t\t\t<\/div>\n\t\t\t\t<\/div>\n\t\t<div class=\"elementor-element elementor-element-53171bbd e-flex e-con-boxed e-con e-parent\" data-id=\"53171bbd\" data-element_type=\"container\" data-settings=\"{&quot;background_background&quot;:&quot;classic&quot;}\">\n\t\t\t\t\t<div class=\"e-con-inner\">\n\t\t<div class=\"elementor-element elementor-element-22964e99 e-con-full e-flex e-con e-child\" data-id=\"22964e99\" data-element_type=\"container\">\n\t\t\t\t<div class=\"elementor-element elementor-element-39938cbf elementor-widget-divider--view-line elementor-widget elementor-widget-divider\" data-id=\"39938cbf\" data-element_type=\"widget\" data-widget_type=\"divider.default\">\n\t\t\t\t<div class=\"elementor-widget-container\">\n\t\t\t\t\t\t\t<div class=\"elementor-divider\">\n\t\t\t<span class=\"elementor-divider-separator\">\n\t\t\t\t\t\t<\/span>\n\t\t<\/div>\n\t\t\t\t\t\t<\/div>\n\t\t\t\t<\/div>\n\t\t\t\t<div class=\"elementor-element elementor-element-5c816be3 elementor-widget elementor-widget-heading\" data-id=\"5c816be3\" data-element_type=\"widget\" data-widget_type=\"heading.default\">\n\t\t\t\t<div class=\"elementor-widget-container\">\n\t\t\t\t\t<h2 class=\"elementor-heading-title elementor-size-default\">Vous avez encore besoin d'aide ?<\/h2>\t\t\t\t<\/div>\n\t\t\t\t<\/div>\n\t\t\t\t<div class=\"elementor-element elementor-element-73c4910b elementor-widget elementor-widget-button\" data-id=\"73c4910b\" data-element_type=\"widget\" data-widget_type=\"button.default\">\n\t\t\t\t<div class=\"elementor-widget-container\">\n\t\t\t\t\t\t\t\t\t<div class=\"elementor-button-wrapper\">\n\t\t\t\t\t<a class=\"elementor-button elementor-button-link elementor-size-sm\" href=\"#\">\n\t\t\t\t\t\t<span class=\"elementor-button-content-wrapper\">\n\t\t\t\t\t\t\t\t\t<span class=\"elementor-button-text\">Contactez nous<\/span>\n\t\t\t\t\t<\/span>\n\t\t\t\t\t<\/a>\n\t\t\t\t<\/div>\n\t\t\t\t\t\t\t\t<\/div>\n\t\t\t\t<\/div>\n\t\t\t\t<\/div>\n\t\t\t\t\t<\/div>\n\t\t\t\t<\/div>\n\t\t\t\t<\/div>","protected":false},"excerpt":{"rendered":"<p>Privacy Policy Welcome to the website operated by Linyi Linear Geometry Network Co., Ltd.We respect your privacy and are committed to protecting your personal information.This Privacy Policy explains how we collect, use, store, and protect your data when you visit or use our website and related services. 1\u3001Information We Collect We may collect the following [&hellip;]<\/p>","protected":false},"author":1,"featured_media":0,"parent":0,"menu_order":0,"comment_status":"closed","ping_status":"closed","template":"","meta":{"site-sidebar-layout":"no-sidebar","site-content-layout":"page-builder","ast-site-content-layout":"full-width-container","site-content-style":"default","site-sidebar-style":"default","ast-global-header-display":"","ast-banner-title-visibility":"","ast-main-header-display":"","ast-hfb-above-header-display":"","ast-hfb-below-header-display":"","ast-hfb-mobile-header-display":"","site-post-title":"disabled","ast-breadcrumbs-content":"","ast-featured-img":"disabled","footer-sml-layout":"","theme-transparent-header-meta":"","adv-header-id-meta":"","stick-header-meta":"","header-above-stick-meta":"","header-main-stick-meta":"","header-below-stick-meta":"","astra-migrate-meta-layouts":"default","ast-page-background-enabled":"default","ast-page-background-meta":{"desktop":{"background-color":"var(--ast-global-color-4)","background-image":"","background-repeat":"repeat","background-position":"center center","background-size":"auto","background-attachment":"scroll","background-type":"","background-media":"","overlay-type":"","overlay-color":"","overlay-opacity":"","overlay-gradient":""},"tablet":{"background-color":"","background-image":"","background-repeat":"repeat","background-position":"center center","background-size":"auto","background-attachment":"scroll","background-type":"","background-media":"","overlay-type":"","overlay-color":"","overlay-opacity":"","overlay-gradient":""},"mobile":{"background-color":"","background-image":"","background-repeat":"repeat","background-position":"center center","background-size":"auto","background-attachment":"scroll","background-type":"","background-media":"","overlay-type":"","overlay-color":"","overlay-opacity":"","overlay-gradient":""}},"ast-content-background-meta":{"desktop":{"background-color":"var(--ast-global-color-5)","background-image":"","background-repeat":"repeat","background-position":"center center","background-size":"auto","background-attachment":"scroll","background-type":"","background-media":"","overlay-type":"","overlay-color":"","overlay-opacity":"","overlay-gradient":""},"tablet":{"background-color":"var(--ast-global-color-5)","background-image":"","background-repeat":"repeat","background-position":"center center","background-size":"auto","background-attachment":"scroll","background-type":"","background-media":"","overlay-type":"","overlay-color":"","overlay-opacity":"","overlay-gradient":""},"mobile":{"background-color":"var(--ast-global-color-5)","background-image":"","background-repeat":"repeat","background-position":"center center","background-size":"auto","background-attachment":"scroll","background-type":"","background-media":"","overlay-type":"","overlay-color":"","overlay-opacity":"","overlay-gradient":""}},"footnotes":""},"class_list":["post-1800","page","type-page","status-publish","hentry"],"jetpack_sharing_enabled":true,"_links":{"self":[{"href":"https:\/\/www.plancuts.com\/fr\/wp-json\/wp\/v2\/pages\/1800","targetHints":{"allow":["GET"]}}],"collection":[{"href":"https:\/\/www.plancuts.com\/fr\/wp-json\/wp\/v2\/pages"}],"about":[{"href":"https:\/\/www.plancuts.com\/fr\/wp-json\/wp\/v2\/types\/page"}],"author":[{"embeddable":true,"href":"https:\/\/www.plancuts.com\/fr\/wp-json\/wp\/v2\/users\/1"}],"replies":[{"embeddable":true,"href":"https:\/\/www.plancuts.com\/fr\/wp-json\/wp\/v2\/comments?post=1800"}],"version-history":[{"count":48,"href":"https:\/\/www.plancuts.com\/fr\/wp-json\/wp\/v2\/pages\/1800\/revisions"}],"predecessor-version":[{"id":2901,"href":"https:\/\/www.plancuts.com\/fr\/wp-json\/wp\/v2\/pages\/1800\/revisions\/2901"}],"wp:attachment":[{"href":"https:\/\/www.plancuts.com\/fr\/wp-json\/wp\/v2\/media?parent=1800"}],"curies":[{"name":"wp","href":"https:\/\/api.w.org\/{rel}","templated":true}]}}