{"id":1822,"date":"2025-10-05T22:57:26","date_gmt":"2025-10-06T03:57:26","guid":{"rendered":"https:\/\/www.plancuts.com\/?page_id=1822"},"modified":"2025-10-25T09:14:06","modified_gmt":"2025-10-25T14:14:06","slug":"termes","status":"publish","type":"page","link":"https:\/\/www.plancuts.com\/fr\/termes\/","title":{"rendered":"Conditions"},"content":{"rendered":"<div data-elementor-type=\"wp-page\" data-elementor-id=\"1822\" class=\"elementor elementor-1822\" data-elementor-post-type=\"page\">\n\t\t\t\t<div class=\"elementor-element elementor-element-41dd6251 e-flex e-con-boxed e-con e-parent\" data-id=\"41dd6251\" data-element_type=\"container\" data-settings=\"{&quot;background_background&quot;:&quot;classic&quot;}\">\n\t\t\t\t\t<div class=\"e-con-inner\">\n\t\t<div class=\"elementor-element elementor-element-51129d54 e-con-full e-flex e-con e-child\" data-id=\"51129d54\" data-element_type=\"container\">\n\t\t\t\t<div class=\"elementor-element elementor-element-16d52e59 elementor-widget elementor-widget-heading\" data-id=\"16d52e59\" data-element_type=\"widget\" data-widget_type=\"heading.default\">\n\t\t\t\t<div class=\"elementor-widget-container\">\n\t\t\t\t\t<h2 class=\"elementor-heading-title elementor-size-default\">Conditions d'utilisation<\/h2>\t\t\t\t<\/div>\n\t\t\t\t<\/div>\n\t\t\t\t<div class=\"elementor-element elementor-element-621b20ef elementor-widget-divider--view-line elementor-widget elementor-widget-divider\" data-id=\"621b20ef\" data-element_type=\"widget\" data-widget_type=\"divider.default\">\n\t\t\t\t<div class=\"elementor-widget-container\">\n\t\t\t\t\t\t\t<div class=\"elementor-divider\">\n\t\t\t<span class=\"elementor-divider-separator\">\n\t\t\t\t\t\t<\/span>\n\t\t<\/div>\n\t\t\t\t\t\t<\/div>\n\t\t\t\t<\/div>\n\t\t<div class=\"elementor-element elementor-element-2c6e79f3 e-con-full e-flex e-con e-child\" data-id=\"2c6e79f3\" data-element_type=\"container\">\n\t\t<div class=\"elementor-element elementor-element-5ddd17b6 e-con-full e-flex e-con e-child\" data-id=\"5ddd17b6\" data-element_type=\"container\">\n\t\t\t\t<div class=\"elementor-element elementor-element-5a9a367b elementor-widget elementor-widget-text-editor\" data-id=\"5a9a367b\" data-element_type=\"widget\" data-widget_type=\"text-editor.default\">\n\t\t\t\t<div class=\"elementor-widget-container\">\n\t\t\t\t\t\t\t\t\t<p>Bienvenue sur Plancuts . En acc\u00e9dant ou en utilisant notre site web www.plancuts.com (le \"site\"), en achetant nos produits num\u00e9riques ou physiques, ou en utilisant nos services connexes, vous acceptez de vous conformer et d'\u00eatre li\u00e9 par les pr\u00e9sentes conditions d'utilisation (\"conditions\").<\/p><p>Veuillez lire attentivement ces conditions avant d'utiliser notre site web ou d'effectuer un achat. Si vous n'acceptez pas ces conditions, veuillez ne pas utiliser nos services.<\/p><p><strong>1<\/strong><strong>\u3001<\/strong><strong>\u00c9tendue des services<\/strong><\/p><p>Plancuts fournit des fichiers de conception, une assistance technique et un approvisionnement en mat\u00e9riaux li\u00e9s au contreplaqu\u00e9 et \u00e0 d'autres produits en bois d'ing\u00e9nierie. Nos services comprennent :<\/p><p>-Vendre des dessins originaux et des fichiers num\u00e9riques.<\/p><p>-Vente de contreplaqu\u00e9 et de mat\u00e9riaux connexes.<\/p><p>-Assurer le d\u00e9veloppement de produits, la programmation CNC et le soutien \u00e0 la production de petites s\u00e9ries.<\/p><p>-Proposer des options de licence pour une utilisation commerciale ou non commerciale en fonction du volume d'achat ou du niveau d'autorisation.<\/p><p><strong>2<\/strong><strong>\u3001<\/strong><strong>Achats et paiements<\/strong><\/p><p>-Tous les prix sont indiqu\u00e9s en dollars am\u00e9ricains, sauf indication contraire.<\/p><p>-Le paiement doit \u00eatre effectu\u00e9 avant la livraison num\u00e9rique ou physique.<\/p><p>-Une fois qu'un produit num\u00e9rique (tel qu'un fichier de conception) est livr\u00e9, il ne peut \u00eatre rembours\u00e9.<\/p><p>-Pour les commandes physiques (comme le contreplaqu\u00e9), des frais d'exp\u00e9dition et des taxes peuvent \u00eatre appliqu\u00e9s en fonction de votre situation g\u00e9ographique.<\/p><p><strong>3<\/strong><strong>\u3001<\/strong><strong>Soutien \u00e0 la livraison et \u00e0 la production<\/strong><\/p><p>-Pour les commandes physiques, nous travaillons en coordination avec des usines et des fournisseurs de confiance \u00e0 Linyi, en Chine.<\/p><p>-Les d\u00e9lais de production et de livraison varient en fonction de la disponibilit\u00e9 des mat\u00e9riaux, de la taille de la commande et des besoins de personnalisation.<\/p><p>-Les clients sont invit\u00e9s \u00e0 nous contacter pour obtenir un devis pr\u00e9cis avant de passer des commandes importantes ou personnalis\u00e9es.<\/p><p><strong>4<\/strong><strong>\u3001<\/strong><strong>Responsabilit\u00e9s de l'utilisateur<\/strong><\/p><p>En utilisant notre site web, vous acceptez de :<\/p><p>-Fournir des informations exactes lors de la passation de commandes ou de la demande de services de conception.<\/p><p>-Utiliser nos fichiers et notre mat\u00e9riel de mani\u00e8re responsable et dans les limites de la l\u00e9galit\u00e9.<\/p><p>-Ne pas s'engager dans des activit\u00e9s susceptibles de nuire \u00e0 notre r\u00e9putation ou de violer les lois sur les droits d'auteur.<\/p><p><strong>5<\/strong><strong>\u3001<\/strong><strong>Limitation de la responsabilit\u00e9<\/strong><\/p><p>Plancuts ne sera pas tenu responsable des pertes directes ou indirectes r\u00e9sultant de l'utilisation de notre site web, de nos fichiers de conception ou de notre mat\u00e9riel, y compris mais sans s'y limiter :<\/p><p>-Erreurs dans les donn\u00e9es fournies par l'utilisateur ou dans les r\u00e9glages de la machine.<\/p><p>-Dommages caus\u00e9s aux mat\u00e9riaux ou \u00e0 l'\u00e9quipement lors de la transformation par des tiers.<\/p><p>-Mauvaise utilisation des fichiers de dessins ou mod\u00e8les ou reproduction sans licence.<\/p><p>Nous fournissons des conseils techniques et de conception en toute bonne foi, mais toute production et utilisation se fait \u00e0 vos propres risques.<\/p><p><strong>6<\/strong><strong>\u3001<\/strong><strong>Modifications<\/strong><\/p><p>Nous nous r\u00e9servons le droit de mettre \u00e0 jour ou de modifier les pr\u00e9sentes conditions \u00e0 tout moment et sans pr\u00e9avis. La version la plus r\u00e9cente sera toujours affich\u00e9e sur cette page. Si vous continuez \u00e0 utiliser nos services apr\u00e8s des modifications, cela signifie que vous acceptez ces modifications.<\/p><p><strong>Date d'entr\u00e9e en vigueur : 5 octobre 2025<\/strong><\/p>\t\t\t\t\t\t\t\t<\/div>\n\t\t\t\t<\/div>\n\t\t\t\t<\/div>\n\t\t\t\t<\/div>\n\t\t<div class=\"elementor-element elementor-element-6e434393 e-con-full e-flex e-con e-child\" data-id=\"6e434393\" data-element_type=\"container\">\n\t\t<div class=\"elementor-element elementor-element-30a7a428 e-con-full e-flex e-con e-child\" data-id=\"30a7a428\" data-element_type=\"container\" data-settings=\"{&quot;background_background&quot;:&quot;classic&quot;}\">\n\t\t\t\t<div class=\"elementor-element elementor-element-717968bc elementor-view-framed elementor-shape-circle elementor-position-block-start elementor-mobile-position-block-start elementor-widget elementor-widget-icon-box\" data-id=\"717968bc\" data-element_type=\"widget\" data-widget_type=\"icon-box.default\">\n\t\t\t\t<div class=\"elementor-widget-container\">\n\t\t\t\t\t\t\t<div class=\"elementor-icon-box-wrapper\">\n\n\t\t\t\t\t\t<div class=\"elementor-icon-box-icon\">\n\t\t\t\t<span  class=\"elementor-icon\">\n\t\t\t\t<i aria-hidden=\"true\" class=\"far fa-file-alt\"><\/i>\t\t\t\t<\/span>\n\t\t\t<\/div>\n\t\t\t\n\t\t\t\t\t\t<div class=\"elementor-icon-box-content\">\n\n\t\t\t\t\t\t\t\t\t<h3 class=\"elementor-icon-box-title\">\n\t\t\t\t\t\t<span  >\n\t\t\t\t\t\t\tAvis sur la propri\u00e9t\u00e9 intellectuelle\t\t\t\t\t\t<\/span>\n\t\t\t\t\t<\/h3>\n\t\t\t\t\n\t\t\t\t\t\t\t\t\t<p class=\"elementor-icon-box-description\">\n\t\t\t\t\t\tTous les fichiers de conception, dessins, fichiers de programmation CNC\t\t\t\t\t<\/p>\n\t\t\t\t\n\t\t\t<\/div>\n\t\t\t\n\t\t<\/div>\n\t\t\t\t\t\t<\/div>\n\t\t\t\t<\/div>\n\t\t\t\t<div class=\"elementor-element elementor-element-51c2b2e3 elementor-widget elementor-widget-button\" data-id=\"51c2b2e3\" data-element_type=\"widget\" data-widget_type=\"button.default\">\n\t\t\t\t<div class=\"elementor-widget-container\">\n\t\t\t\t\t\t\t\t\t<div class=\"elementor-button-wrapper\">\n\t\t\t\t\t<a class=\"elementor-button elementor-button-link elementor-size-sm\" href=\"\/fr\/droit-dauteur\/\">\n\t\t\t\t\t\t<span class=\"elementor-button-content-wrapper\">\n\t\t\t\t\t\t<span class=\"elementor-button-icon\">\n\t\t\t\t<i aria-hidden=\"true\" class=\"fas fa-long-arrow-alt-right\"><\/i>\t\t\t<\/span>\n\t\t\t\t\t\t\t\t\t<span class=\"elementor-button-text\"> Plus de contenu<\/span>\n\t\t\t\t\t<\/span>\n\t\t\t\t\t<\/a>\n\t\t\t\t<\/div>\n\t\t\t\t\t\t\t\t<\/div>\n\t\t\t\t<\/div>\n\t\t\t\t<\/div>\n\t\t<div class=\"elementor-element elementor-element-2cd8e242 e-con-full e-flex e-con e-child\" data-id=\"2cd8e242\" data-element_type=\"container\" data-settings=\"{&quot;background_background&quot;:&quot;classic&quot;}\">\n\t\t\t\t<div class=\"elementor-element elementor-element-4e686a3f elementor-view-framed elementor-shape-circle elementor-position-block-start elementor-mobile-position-block-start elementor-widget elementor-widget-icon-box\" data-id=\"4e686a3f\" data-element_type=\"widget\" data-widget_type=\"icon-box.default\">\n\t\t\t\t<div class=\"elementor-widget-container\">\n\t\t\t\t\t\t\t<div class=\"elementor-icon-box-wrapper\">\n\n\t\t\t\t\t\t<div class=\"elementor-icon-box-icon\">\n\t\t\t\t<span  class=\"elementor-icon\">\n\t\t\t\t<i aria-hidden=\"true\" class=\"fas fa-lock\"><\/i>\t\t\t\t<\/span>\n\t\t\t<\/div>\n\t\t\t\n\t\t\t\t\t\t<div class=\"elementor-icon-box-content\">\n\n\t\t\t\t\t\t\t\t\t<h3 class=\"elementor-icon-box-title\">\n\t\t\t\t\t\t<span  >\n\t\t\t\t\t\t\tPolitique de confidentialit\u00e9\t\t\t\t\t\t<\/span>\n\t\t\t\t\t<\/h3>\n\t\t\t\t\n\t\t\t\t\t\t\t\t\t<p class=\"elementor-icon-box-description\">\n\t\t\t\t\t\tBienvenue sur le site web de Linyi Linear Geometry Network Co, Ltd.\t\t\t\t\t<\/p>\n\t\t\t\t\n\t\t\t<\/div>\n\t\t\t\n\t\t<\/div>\n\t\t\t\t\t\t<\/div>\n\t\t\t\t<\/div>\n\t\t\t\t<div class=\"elementor-element elementor-element-6c14410b elementor-widget elementor-widget-button\" data-id=\"6c14410b\" data-element_type=\"widget\" data-widget_type=\"button.default\">\n\t\t\t\t<div class=\"elementor-widget-container\">\n\t\t\t\t\t\t\t\t\t<div class=\"elementor-button-wrapper\">\n\t\t\t\t\t<a class=\"elementor-button elementor-button-link elementor-size-sm\" href=\"\/fr\/Privacy%20Policy\/\">\n\t\t\t\t\t\t<span class=\"elementor-button-content-wrapper\">\n\t\t\t\t\t\t<span class=\"elementor-button-icon\">\n\t\t\t\t<i aria-hidden=\"true\" class=\"fas fa-long-arrow-alt-right\"><\/i>\t\t\t<\/span>\n\t\t\t\t\t\t\t\t\t<span class=\"elementor-button-text\"> Plus de contenu<\/span>\n\t\t\t\t\t<\/span>\n\t\t\t\t\t<\/a>\n\t\t\t\t<\/div>\n\t\t\t\t\t\t\t\t<\/div>\n\t\t\t\t<\/div>\n\t\t\t\t<\/div>\n\t\t<div class=\"elementor-element elementor-element-7aebed5 e-con-full e-flex e-con e-child\" data-id=\"7aebed5\" data-element_type=\"container\" data-settings=\"{&quot;background_background&quot;:&quot;classic&quot;}\">\n\t\t\t\t<div class=\"elementor-element elementor-element-6566387 elementor-view-framed elementor-shape-circle elementor-position-block-start elementor-mobile-position-block-start elementor-widget elementor-widget-icon-box\" data-id=\"6566387\" data-element_type=\"widget\" data-widget_type=\"icon-box.default\">\n\t\t\t\t<div class=\"elementor-widget-container\">\n\t\t\t\t\t\t\t<div class=\"elementor-icon-box-wrapper\">\n\n\t\t\t\t\t\t<div class=\"elementor-icon-box-icon\">\n\t\t\t\t<span  class=\"elementor-icon\">\n\t\t\t\t<i aria-hidden=\"true\" class=\"fas fa-coins\"><\/i>\t\t\t\t<\/span>\n\t\t\t<\/div>\n\t\t\t\n\t\t\t\t\t\t<div class=\"elementor-icon-box-content\">\n\n\t\t\t\t\t\t\t\t\t<h3 class=\"elementor-icon-box-title\">\n\t\t\t\t\t\t<span  >\n\t\t\t\t\t\t\tPolitique de remboursement\t\t\t\t\t\t<\/span>\n\t\t\t\t\t<\/h3>\n\t\t\t\t\n\t\t\t\t\t\t\t\t\t<p class=\"elementor-icon-box-description\">\n\t\t\t\t\t\tMerci d'avoir achet\u00e9 nos produits num\u00e9riques et de lire attentivement notre politique de remboursement.\t\t\t\t\t<\/p>\n\t\t\t\t\n\t\t\t<\/div>\n\t\t\t\n\t\t<\/div>\n\t\t\t\t\t\t<\/div>\n\t\t\t\t<\/div>\n\t\t\t\t<div class=\"elementor-element elementor-element-21885602 elementor-widget elementor-widget-button\" data-id=\"21885602\" data-element_type=\"widget\" data-widget_type=\"button.default\">\n\t\t\t\t<div class=\"elementor-widget-container\">\n\t\t\t\t\t\t\t\t\t<div class=\"elementor-button-wrapper\">\n\t\t\t\t\t<a class=\"elementor-button elementor-button-link elementor-size-sm\" href=\"\/fr\/Refund%20Policy\/\">\n\t\t\t\t\t\t<span class=\"elementor-button-content-wrapper\">\n\t\t\t\t\t\t<span class=\"elementor-button-icon\">\n\t\t\t\t<i aria-hidden=\"true\" class=\"fas fa-long-arrow-alt-right\"><\/i>\t\t\t<\/span>\n\t\t\t\t\t\t\t\t\t<span class=\"elementor-button-text\"> Plus de contenu<\/span>\n\t\t\t\t\t<\/span>\n\t\t\t\t\t<\/a>\n\t\t\t\t<\/div>\n\t\t\t\t\t\t\t\t<\/div>\n\t\t\t\t<\/div>\n\t\t\t\t<\/div>\n\t\t\t\t<\/div>\n\t\t\t\t<\/div>\n\t\t\t\t\t<\/div>\n\t\t\t\t<\/div>\n\t\t<div class=\"elementor-element elementor-element-407ad0f1 e-flex e-con-boxed e-con e-parent\" data-id=\"407ad0f1\" data-element_type=\"container\" data-settings=\"{&quot;background_background&quot;:&quot;classic&quot;}\">\n\t\t\t\t\t<div class=\"e-con-inner\">\n\t\t<div class=\"elementor-element elementor-element-3d6482fa e-con-full e-flex e-con e-child\" data-id=\"3d6482fa\" data-element_type=\"container\">\n\t\t\t\t<div class=\"elementor-element elementor-element-5ff955df elementor-widget-divider--view-line elementor-widget elementor-widget-divider\" data-id=\"5ff955df\" data-element_type=\"widget\" data-widget_type=\"divider.default\">\n\t\t\t\t<div class=\"elementor-widget-container\">\n\t\t\t\t\t\t\t<div class=\"elementor-divider\">\n\t\t\t<span class=\"elementor-divider-separator\">\n\t\t\t\t\t\t<\/span>\n\t\t<\/div>\n\t\t\t\t\t\t<\/div>\n\t\t\t\t<\/div>\n\t\t\t\t<div class=\"elementor-element elementor-element-4b3fd1b2 elementor-widget elementor-widget-heading\" data-id=\"4b3fd1b2\" data-element_type=\"widget\" data-widget_type=\"heading.default\">\n\t\t\t\t<div class=\"elementor-widget-container\">\n\t\t\t\t\t<h2 class=\"elementor-heading-title elementor-size-default\">Vous avez encore besoin d'aide ?<\/h2>\t\t\t\t<\/div>\n\t\t\t\t<\/div>\n\t\t\t\t<div class=\"elementor-element elementor-element-3a72c1ad elementor-widget elementor-widget-button\" data-id=\"3a72c1ad\" data-element_type=\"widget\" data-widget_type=\"button.default\">\n\t\t\t\t<div class=\"elementor-widget-container\">\n\t\t\t\t\t\t\t\t\t<div class=\"elementor-button-wrapper\">\n\t\t\t\t\t<a class=\"elementor-button elementor-button-link elementor-size-sm\" href=\"#\">\n\t\t\t\t\t\t<span class=\"elementor-button-content-wrapper\">\n\t\t\t\t\t\t\t\t\t<span class=\"elementor-button-text\">Contactez nous<\/span>\n\t\t\t\t\t<\/span>\n\t\t\t\t\t<\/a>\n\t\t\t\t<\/div>\n\t\t\t\t\t\t\t\t<\/div>\n\t\t\t\t<\/div>\n\t\t\t\t<\/div>\n\t\t\t\t\t<\/div>\n\t\t\t\t<\/div>\n\t\t\t\t<\/div>","protected":false},"excerpt":{"rendered":"<p>Terms of Service Welcome to Plancuts . By accessing or using our website www.plancuts.com (the \u201cSite\u201d), purchasing our digital or physical products, or using our related services, you agree to comply with and be bound by these Terms of Service (\u201cTerms\u201d). Please read these Terms carefully before using our website or making any purchase. If [&hellip;]<\/p>","protected":false},"author":1,"featured_media":0,"parent":0,"menu_order":0,"comment_status":"closed","ping_status":"closed","template":"","meta":{"site-sidebar-layout":"no-sidebar","site-content-layout":"page-builder","ast-site-content-layout":"full-width-container","site-content-style":"default","site-sidebar-style":"default","ast-global-header-display":"","ast-banner-title-visibility":"","ast-main-header-display":"","ast-hfb-above-header-display":"","ast-hfb-below-header-display":"","ast-hfb-mobile-header-display":"","site-post-title":"disabled","ast-breadcrumbs-content":"","ast-featured-img":"disabled","footer-sml-layout":"","theme-transparent-header-meta":"","adv-header-id-meta":"","stick-header-meta":"","header-above-stick-meta":"","header-main-stick-meta":"","header-below-stick-meta":"","astra-migrate-meta-layouts":"default","ast-page-background-enabled":"default","ast-page-background-meta":{"desktop":{"background-color":"var(--ast-global-color-4)","background-image":"","background-repeat":"repeat","background-position":"center center","background-size":"auto","background-attachment":"scroll","background-type":"","background-media":"","overlay-type":"","overlay-color":"","overlay-opacity":"","overlay-gradient":""},"tablet":{"background-color":"","background-image":"","background-repeat":"repeat","background-position":"center center","background-size":"auto","background-attachment":"scroll","background-type":"","background-media":"","overlay-type":"","overlay-color":"","overlay-opacity":"","overlay-gradient":""},"mobile":{"background-color":"","background-image":"","background-repeat":"repeat","background-position":"center center","background-size":"auto","background-attachment":"scroll","background-type":"","background-media":"","overlay-type":"","overlay-color":"","overlay-opacity":"","overlay-gradient":""}},"ast-content-background-meta":{"desktop":{"background-color":"var(--ast-global-color-5)","background-image":"","background-repeat":"repeat","background-position":"center center","background-size":"auto","background-attachment":"scroll","background-type":"","background-media":"","overlay-type":"","overlay-color":"","overlay-opacity":"","overlay-gradient":""},"tablet":{"background-color":"var(--ast-global-color-5)","background-image":"","background-repeat":"repeat","background-position":"center center","background-size":"auto","background-attachment":"scroll","background-type":"","background-media":"","overlay-type":"","overlay-color":"","overlay-opacity":"","overlay-gradient":""},"mobile":{"background-color":"var(--ast-global-color-5)","background-image":"","background-repeat":"repeat","background-position":"center center","background-size":"auto","background-attachment":"scroll","background-type":"","background-media":"","overlay-type":"","overlay-color":"","overlay-opacity":"","overlay-gradient":""}},"footnotes":""},"class_list":["post-1822","page","type-page","status-publish","hentry"],"jetpack_sharing_enabled":true,"_links":{"self":[{"href":"https:\/\/www.plancuts.com\/fr\/wp-json\/wp\/v2\/pages\/1822","targetHints":{"allow":["GET"]}}],"collection":[{"href":"https:\/\/www.plancuts.com\/fr\/wp-json\/wp\/v2\/pages"}],"about":[{"href":"https:\/\/www.plancuts.com\/fr\/wp-json\/wp\/v2\/types\/page"}],"author":[{"embeddable":true,"href":"https:\/\/www.plancuts.com\/fr\/wp-json\/wp\/v2\/users\/1"}],"replies":[{"embeddable":true,"href":"https:\/\/www.plancuts.com\/fr\/wp-json\/wp\/v2\/comments?post=1822"}],"version-history":[{"count":28,"href":"https:\/\/www.plancuts.com\/fr\/wp-json\/wp\/v2\/pages\/1822\/revisions"}],"predecessor-version":[{"id":2892,"href":"https:\/\/www.plancuts.com\/fr\/wp-json\/wp\/v2\/pages\/1822\/revisions\/2892"}],"wp:attachment":[{"href":"https:\/\/www.plancuts.com\/fr\/wp-json\/wp\/v2\/media?parent=1822"}],"curies":[{"name":"wp","href":"https:\/\/api.w.org\/{rel}","templated":true}]}}