{"id":59,"date":"2025-09-29T09:58:52","date_gmt":"2025-09-29T01:58:52","guid":{"rendered":"https:\/\/www.plancuts.com\/index.php\/story\/"},"modified":"2025-10-14T21:04:17","modified_gmt":"2025-10-15T02:04:17","slug":"histoire","status":"publish","type":"page","link":"https:\/\/www.plancuts.com\/fr\/histoire\/","title":{"rendered":"Histoire"},"content":{"rendered":"<div data-elementor-type=\"wp-page\" data-elementor-id=\"59\" class=\"elementor elementor-59\" data-elementor-post-type=\"page\">\n\t\t\t\t<div class=\"elementor-element elementor-element-9560610 e-flex e-con-boxed e-con e-parent\" data-id=\"9560610\" data-element_type=\"container\">\n\t\t\t\t\t<div class=\"e-con-inner\">\n\t\t<div class=\"elementor-element elementor-element-6108056 e-con-full e-flex e-con e-child\" data-id=\"6108056\" data-element_type=\"container\">\n\t\t\t\t<div class=\"elementor-element elementor-element-25841cd elementor-widget elementor-widget-heading\" data-id=\"25841cd\" data-element_type=\"widget\" data-widget_type=\"heading.default\">\n\t\t\t\t<div class=\"elementor-widget-container\">\n\t\t\t\t\t<h1 class=\"elementor-heading-title elementor-size-default\">Notre histoire<\/h1>\t\t\t\t<\/div>\n\t\t\t\t<\/div>\n\t\t\t\t<div class=\"elementor-element elementor-element-4d3a3e8 elementor-widget-divider--view-line elementor-widget elementor-widget-divider\" data-id=\"4d3a3e8\" data-element_type=\"widget\" data-widget_type=\"divider.default\">\n\t\t\t\t<div class=\"elementor-widget-container\">\n\t\t\t\t\t\t\t<div class=\"elementor-divider\">\n\t\t\t<span class=\"elementor-divider-separator\">\n\t\t\t\t\t\t<\/span>\n\t\t<\/div>\n\t\t\t\t\t\t<\/div>\n\t\t\t\t<\/div>\n\t\t\t\t<\/div>\n\t\t\t\t\t<\/div>\n\t\t\t\t<\/div>\n\t\t<div class=\"elementor-element elementor-element-829b346 e-flex e-con-boxed e-con e-parent\" data-id=\"829b346\" data-element_type=\"container\">\n\t\t\t\t\t<div class=\"e-con-inner\">\n\t\t<div class=\"elementor-element elementor-element-c731ace e-con-full e-flex e-con e-child\" data-id=\"c731ace\" data-element_type=\"container\">\n\t\t<div class=\"elementor-element elementor-element-5ddd59b e-flex e-con-boxed e-con e-child\" data-id=\"5ddd59b\" data-element_type=\"container\">\n\t\t\t\t\t<div class=\"e-con-inner\">\n\t\t<div class=\"elementor-element elementor-element-f1691bd e-con-full e-flex e-con e-child\" data-id=\"f1691bd\" data-element_type=\"container\">\n\t\t\t\t<div class=\"elementor-element elementor-element-6ecacf8 elementor-widget elementor-widget-heading\" data-id=\"6ecacf8\" data-element_type=\"widget\" data-widget_type=\"heading.default\">\n\t\t\t\t<div class=\"elementor-widget-container\">\n\t\t\t\t\t<h6 class=\"elementor-heading-title elementor-size-default\">A propos de nous<\/h6>\t\t\t\t<\/div>\n\t\t\t\t<\/div>\n\t\t\t\t<div class=\"elementor-element elementor-element-a7137ed elementor-widget elementor-widget-image\" data-id=\"a7137ed\" data-element_type=\"widget\" data-widget_type=\"image.default\">\n\t\t\t\t<div class=\"elementor-widget-container\">\n\t\t\t\t\t\t\t\t\t\t\t\t\t\t\t<img fetchpriority=\"high\" decoding=\"async\" width=\"888\" height=\"654\" src=\"https:\/\/www.plancuts.com\/wp-content\/uploads\/2025\/10\/jj.png\" class=\"attachment-full size-full wp-image-1374\" alt=\"jj\" srcset=\"https:\/\/www.plancuts.com\/wp-content\/uploads\/2025\/10\/jj.png 888w, https:\/\/www.plancuts.com\/wp-content\/uploads\/2025\/10\/jj-800x589.png 800w, https:\/\/www.plancuts.com\/wp-content\/uploads\/2025\/10\/jj-300x221.png 300w, https:\/\/www.plancuts.com\/wp-content\/uploads\/2025\/10\/jj-768x566.png 768w\" sizes=\"(max-width: 888px) 100vw, 888px\" title=\"Histoire\">\t\t\t\t\t\t\t\t\t\t\t\t\t\t\t<\/div>\n\t\t\t\t<\/div>\n\t\t\t\t<\/div>\n\t\t<div class=\"elementor-element elementor-element-163b9d4 e-con-full e-flex e-con e-child\" data-id=\"163b9d4\" data-element_type=\"container\">\n\t\t\t\t<div class=\"elementor-element elementor-element-b1383af elementor-widget elementor-widget-heading\" data-id=\"b1383af\" data-element_type=\"widget\" data-widget_type=\"heading.default\">\n\t\t\t\t<div class=\"elementor-widget-container\">\n\t\t\t\t\t<h4 class=\"elementor-heading-title elementor-size-default\">Comment tout a commenc\u00e9<\/h4>\t\t\t\t<\/div>\n\t\t\t\t<\/div>\n\t\t\t\t<div class=\"elementor-element elementor-element-d259bee elementor-widget elementor-widget-text-editor\" data-id=\"d259bee\" data-element_type=\"widget\" data-widget_type=\"text-editor.default\">\n\t\t\t\t<div class=\"elementor-widget-container\">\n\t\t\t\t\t\t\t\t\t<p class=\"p1\">Nous venons de Linyi, Shandong - le plus grand centre de production et de vente de panneaux synth\u00e9tiques en Chine. La r\u00e9gion est riche en ressources et dispose d'une cha\u00eene d'approvisionnement bien d\u00e9velopp\u00e9e. Forts de plus de dix ans d'exp\u00e9rience en mati\u00e8re de conception, nous avons travaill\u00e9 avec de nombreux clients de l'industrie des panneaux synth\u00e9tiques qui s'adressent \u00e0 nous pour la conception de produits. Pour mieux les servir, nous avons construit notre propre ligne d'essai de prototypes. De nombreux clients pr\u00e9sentent nos dessins lors d'expositions pour les aider \u00e0 vendre leurs panneaux, ce qui a suscit\u00e9 notre vif int\u00e9r\u00eat pour cette industrie.<\/p>\t\t\t\t\t\t\t\t<\/div>\n\t\t\t\t<\/div>\n\t\t\t\t<div class=\"elementor-element elementor-element-325950a elementor-widget elementor-widget-text-editor\" data-id=\"325950a\" data-element_type=\"widget\" data-widget_type=\"text-editor.default\">\n\t\t\t\t<div class=\"elementor-widget-container\">\n\t\t\t\t\t\t\t\t\t<p class=\"p1\">Nous avons commenc\u00e9 \u00e0 r\u00e9fl\u00e9chir : pourquoi ne pas combiner le design et la vente de carton ? D'une part, nous disposons d'une cr\u00e9ativit\u00e9 illimit\u00e9e pour dessiner des plans de produits ; d'autre part, nous avons une exp\u00e9rience pratique de la production et un acc\u00e8s direct aux mat\u00e9riaux du carton. C'est ainsi qu'est n\u00e9 le projet, <span class=\"s1\"><b>Plancuts<\/b><\/span> a vu le jour.<\/p>\t\t\t\t\t\t\t\t<\/div>\n\t\t\t\t<\/div>\n\t\t\t\t<\/div>\n\t\t\t\t\t<\/div>\n\t\t\t\t<\/div>\n\t\t\t\t<\/div>\n\t\t\t\t\t<\/div>\n\t\t\t\t<\/div>\n\t\t<div class=\"elementor-element elementor-element-4f38d9b e-flex e-con-boxed e-con e-parent\" data-id=\"4f38d9b\" data-element_type=\"container\" data-settings=\"{&quot;background_background&quot;:&quot;classic&quot;}\">\n\t\t\t\t\t<div class=\"e-con-inner\">\n\t\t<div class=\"elementor-element elementor-element-2d2cb25 e-con-full e-flex e-con e-child\" data-id=\"2d2cb25\" data-element_type=\"container\">\n\t\t\t\t<div class=\"elementor-element elementor-element-5f44a78 elementor-widget-divider--view-line elementor-widget elementor-widget-divider\" data-id=\"5f44a78\" data-element_type=\"widget\" data-widget_type=\"divider.default\">\n\t\t\t\t<div class=\"elementor-widget-container\">\n\t\t\t\t\t\t\t<div class=\"elementor-divider\">\n\t\t\t<span class=\"elementor-divider-separator\">\n\t\t\t\t\t\t<\/span>\n\t\t<\/div>\n\t\t\t\t\t\t<\/div>\n\t\t\t\t<\/div>\n\t\t\t\t<div class=\"elementor-element elementor-element-897cfbf elementor-widget elementor-widget-heading\" data-id=\"897cfbf\" data-element_type=\"widget\" data-widget_type=\"heading.default\">\n\t\t\t\t<div class=\"elementor-widget-container\">\n\t\t\t\t\t<h2 class=\"elementor-heading-title elementor-size-default\">La simplicit\u00e9 pouss\u00e9e \u00e0 l'extr\u00eame devient \u00e9l\u00e9gance<\/h2>\t\t\t\t<\/div>\n\t\t\t\t<\/div>\n\t\t\t\t<\/div>\n\t\t\t\t\t<\/div>\n\t\t\t\t<\/div>\n\t\t<div class=\"elementor-element elementor-element-c7196bf e-flex e-con-boxed e-con e-parent\" data-id=\"c7196bf\" data-element_type=\"container\" data-settings=\"{&quot;background_background&quot;:&quot;gradient&quot;}\">\n\t\t\t\t\t<div class=\"e-con-inner\">\n\t\t<div class=\"elementor-element elementor-element-9c8acf4 e-con-full e-flex e-con e-child\" data-id=\"9c8acf4\" data-element_type=\"container\">\n\t\t\t\t<div class=\"elementor-element elementor-element-7cc6ff4 elementor-widget elementor-widget-heading\" data-id=\"7cc6ff4\" data-element_type=\"widget\" data-widget_type=\"heading.default\">\n\t\t\t\t<div class=\"elementor-widget-container\">\n\t\t\t\t\t<h2 class=\"elementor-heading-title elementor-size-default\">toute id\u00e9e est un d\u00e9but.<\/h2>\t\t\t\t<\/div>\n\t\t\t\t<\/div>\n\t\t\t\t<div class=\"elementor-element elementor-element-5a5236c elementor-widget-divider--view-line elementor-widget elementor-widget-divider\" data-id=\"5a5236c\" data-element_type=\"widget\" data-widget_type=\"divider.default\">\n\t\t\t\t<div class=\"elementor-widget-container\">\n\t\t\t\t\t\t\t<div class=\"elementor-divider\">\n\t\t\t<span class=\"elementor-divider-separator\">\n\t\t\t\t\t\t<\/span>\n\t\t<\/div>\n\t\t\t\t\t\t<\/div>\n\t\t\t\t<\/div>\n\t\t<div class=\"elementor-element elementor-element-bce17e7 e-con-full e-flex e-con e-child\" data-id=\"bce17e7\" data-element_type=\"container\">\n\t\t<div class=\"elementor-element elementor-element-9ec9b7f e-con-full e-flex e-con e-child\" data-id=\"9ec9b7f\" data-element_type=\"container\">\n\t\t\t\t<div class=\"elementor-element elementor-element-6678b28 elementor-widget elementor-widget-heading\" data-id=\"6678b28\" data-element_type=\"widget\" data-widget_type=\"heading.default\">\n\t\t\t\t<div class=\"elementor-widget-container\">\n\t\t\t\t\t<h3 class=\"elementor-heading-title elementor-size-default\">Champ d'application du service<\/h3>\t\t\t\t<\/div>\n\t\t\t\t<\/div>\n\t\t\t\t<div class=\"elementor-element elementor-element-f844500 elementor-widget-divider--view-line elementor-widget elementor-widget-divider\" data-id=\"f844500\" data-element_type=\"widget\" data-widget_type=\"divider.default\">\n\t\t\t\t<div class=\"elementor-widget-container\">\n\t\t\t\t\t\t\t<div class=\"elementor-divider\">\n\t\t\t<span class=\"elementor-divider-separator\">\n\t\t\t\t\t\t<\/span>\n\t\t<\/div>\n\t\t\t\t\t\t<\/div>\n\t\t\t\t<\/div>\n\t\t\t\t<div class=\"elementor-element elementor-element-eebf0ee elementor-widget__width-initial elementor-widget elementor-widget-text-editor\" data-id=\"eebf0ee\" data-element_type=\"widget\" data-widget_type=\"text-editor.default\">\n\t\t\t\t<div class=\"elementor-widget-container\">\n\t\t\t\t\t\t\t\t\t<p><strong>1<\/strong><strong>\u3001Approvisionnement stable en panneaux d'ing\u00e9nierie<\/strong><\/p><p>Nous vous fournissons un approvisionnement stable, fiable et abordable en panneaux d'ing\u00e9nierie. Quelle que soit l'\u00e9chelle ou le mat\u00e9riau, nous pouvons rapidement vous aider \u00e0 trouver l'usine ad\u00e9quate. Que vous soyez un nouveau venu dans l'industrie, un petit atelier ou un fabricant de meubles, acheter des panneaux d'ing\u00e9nierie chez nous signifie \u00e9galement que vous pouvez b\u00e9n\u00e9ficier de notre assistance technique.<\/p><p>\u00a0<\/p><p><strong>2<\/strong><strong>\u3001Des conceptions cr\u00e9atives constamment mises \u00e0 jour<\/strong><\/p><p>Notre biblioth\u00e8que de dessins est constamment mise \u00e0 jour, offrant ainsi une infinit\u00e9 d'id\u00e9es cr\u00e9atives. En achetant nos dessins, vous pouvez cr\u00e9er des produits d'int\u00e9rieur pour vous ou votre famille. Nous vous accompagnons tout au long du processus.<\/p><p>\u00a0<\/p><p><strong>3<\/strong><strong>\u3001Service complet, de l'id\u00e9e \u00e0 la production de masse<\/strong><\/p><p>Si vous vendez des produits, nous pouvons vous fournir des prototypes en petites s\u00e9ries pour vous aider \u00e0 identifier et \u00e0 r\u00e9soudre les probl\u00e8mes \u00e0 un stade pr\u00e9coce. Lorsqu'une production de masse est n\u00e9cessaire, nous pouvons vous aider \u00e0 entrer en contact avec de grandes usines exp\u00e9riment\u00e9es \u00e0 des prix comp\u00e9titifs afin de garantir une livraison sans heurts. Des dessins et des fichiers CNC \u00e0 la conception de prototypes, en passant par l'optimisation de l'agencement et la production \u00e0 grande \u00e9chelle, nous vous assisterons \u00e0 chaque \u00e9tape du processus.<\/p>\t\t\t\t\t\t\t\t<\/div>\n\t\t\t\t<\/div>\n\t\t\t\t<div class=\"elementor-element elementor-element-ce0d57b elementor-widget elementor-widget-text-editor\" data-id=\"ce0d57b\" data-element_type=\"widget\" data-widget_type=\"text-editor.default\">\n\t\t\t\t<div class=\"elementor-widget-container\">\n\t\t\t\t\t\t\t\t\t<p class=\"p1\">Plancuts est l\u00e0 pour transformer vos id\u00e9es en r\u00e9alit\u00e9.<\/p>\t\t\t\t\t\t\t\t<\/div>\n\t\t\t\t<\/div>\n\t\t\t\t<\/div>\n\t\t<div class=\"elementor-element elementor-element-209c8c0 e-con-full e-flex e-con e-child\" data-id=\"209c8c0\" data-element_type=\"container\" data-settings=\"{&quot;background_background&quot;:&quot;classic&quot;}\">\n\t\t\t\t<div class=\"elementor-element elementor-element-44faf9e elementor-widget elementor-widget-spacer\" data-id=\"44faf9e\" data-element_type=\"widget\" data-widget_type=\"spacer.default\">\n\t\t\t\t<div class=\"elementor-widget-container\">\n\t\t\t\t\t\t\t<div class=\"elementor-spacer\">\n\t\t\t<div class=\"elementor-spacer-inner\"><\/div>\n\t\t<\/div>\n\t\t\t\t\t\t<\/div>\n\t\t\t\t<\/div>\n\t\t\t\t<\/div>\n\t\t\t\t<\/div>\n\t\t\t\t<\/div>\n\t\t\t\t\t<\/div>\n\t\t\t\t<\/div>\n\t\t\t\t<\/div>","protected":false},"excerpt":{"rendered":"<p>Our story About us How it all started We come from Linyi, Shandong \u2014 the largest production and sales center of man-made boards in China. The area is rich in resources and has a well-developed supply chain. With more than ten years of design experience, we have worked with many clients in the man-made board [&hellip;]<\/p>","protected":false},"author":1,"featured_media":0,"parent":0,"menu_order":0,"comment_status":"closed","ping_status":"closed","template":"","meta":{"site-sidebar-layout":"no-sidebar","site-content-layout":"page-builder","ast-site-content-layout":"default","site-content-style":"default","site-sidebar-style":"default","ast-global-header-display":"","ast-banner-title-visibility":"","ast-main-header-display":"","ast-hfb-above-header-display":"","ast-hfb-below-header-display":"","ast-hfb-mobile-header-display":"","site-post-title":"disabled","ast-breadcrumbs-content":"","ast-featured-img":"disabled","footer-sml-layout":"","theme-transparent-header-meta":"","adv-header-id-meta":"","stick-header-meta":"","header-above-stick-meta":"","header-main-stick-meta":"","header-below-stick-meta":"","astra-migrate-meta-layouts":"default","ast-page-background-enabled":"default","ast-page-background-meta":{"desktop":{"background-color":"var(--ast-global-color-4)","background-image":"","background-repeat":"repeat","background-position":"center center","background-size":"auto","background-attachment":"scroll","background-type":"","background-media":"","overlay-type":"","overlay-color":"","overlay-opacity":"","overlay-gradient":""},"tablet":{"background-color":"","background-image":"","background-repeat":"repeat","background-position":"center center","background-size":"auto","background-attachment":"scroll","background-type":"","background-media":"","overlay-type":"","overlay-color":"","overlay-opacity":"","overlay-gradient":""},"mobile":{"background-color":"","background-image":"","background-repeat":"repeat","background-position":"center center","background-size":"auto","background-attachment":"scroll","background-type":"","background-media":"","overlay-type":"","overlay-color":"","overlay-opacity":"","overlay-gradient":""}},"ast-content-background-meta":{"desktop":{"background-color":"var(--ast-global-color-5)","background-image":"","background-repeat":"repeat","background-position":"center center","background-size":"auto","background-attachment":"scroll","background-type":"","background-media":"","overlay-type":"","overlay-color":"","overlay-opacity":"","overlay-gradient":""},"tablet":{"background-color":"var(--ast-global-color-5)","background-image":"","background-repeat":"repeat","background-position":"center center","background-size":"auto","background-attachment":"scroll","background-type":"","background-media":"","overlay-type":"","overlay-color":"","overlay-opacity":"","overlay-gradient":""},"mobile":{"background-color":"var(--ast-global-color-5)","background-image":"","background-repeat":"repeat","background-position":"center center","background-size":"auto","background-attachment":"scroll","background-type":"","background-media":"","overlay-type":"","overlay-color":"","overlay-opacity":"","overlay-gradient":""}},"footnotes":""},"class_list":["post-59","page","type-page","status-publish","hentry"],"jetpack_sharing_enabled":true,"_links":{"self":[{"href":"https:\/\/www.plancuts.com\/fr\/wp-json\/wp\/v2\/pages\/59","targetHints":{"allow":["GET"]}}],"collection":[{"href":"https:\/\/www.plancuts.com\/fr\/wp-json\/wp\/v2\/pages"}],"about":[{"href":"https:\/\/www.plancuts.com\/fr\/wp-json\/wp\/v2\/types\/page"}],"author":[{"embeddable":true,"href":"https:\/\/www.plancuts.com\/fr\/wp-json\/wp\/v2\/users\/1"}],"replies":[{"embeddable":true,"href":"https:\/\/www.plancuts.com\/fr\/wp-json\/wp\/v2\/comments?post=59"}],"version-history":[{"count":105,"href":"https:\/\/www.plancuts.com\/fr\/wp-json\/wp\/v2\/pages\/59\/revisions"}],"predecessor-version":[{"id":2298,"href":"https:\/\/www.plancuts.com\/fr\/wp-json\/wp\/v2\/pages\/59\/revisions\/2298"}],"wp:attachment":[{"href":"https:\/\/www.plancuts.com\/fr\/wp-json\/wp\/v2\/media?parent=59"}],"curies":[{"name":"wp","href":"https:\/\/api.w.org\/{rel}","templated":true}]}}