{"id":1115,"date":"2025-10-02T11:59:27","date_gmt":"2025-10-02T16:59:27","guid":{"rendered":"https:\/\/www.plancuts.com\/?post_type=product&#038;p=1115"},"modified":"2025-12-06T17:37:05","modified_gmt":"2025-12-06T23:37:05","slug":"tideseat-2","status":"publish","type":"product","link":"https:\/\/www.plancuts.com\/fr\/produit\/tideseat-2\/","title":{"rendered":"Eila"},"content":{"rendered":"<div data-elementor-type=\"product-post\" data-elementor-id=\"1115\" class=\"elementor elementor-1115\" data-elementor-post-type=\"product\">\n\t\t\t\t<div class=\"elementor-element elementor-element-63225aee e-flex e-con-boxed e-con e-parent\" data-id=\"63225aee\" data-element_type=\"container\">\n\t\t\t\t\t<div class=\"e-con-inner\">\n\t\t\t\t<div class=\"elementor-element elementor-element-566ab058 elementor-widget elementor-widget-heading\" data-id=\"566ab058\" data-element_type=\"widget\" data-widget_type=\"heading.default\">\n\t\t\t\t<div class=\"elementor-widget-container\">\n\t\t\t\t\t<h3 class=\"elementor-heading-title elementor-size-default\">Concept de tabouret Eila<\/h3>\t\t\t\t<\/div>\n\t\t\t\t<\/div>\n\t\t\t\t\t<\/div>\n\t\t\t\t<\/div>\n\t\t<div class=\"elementor-element elementor-element-56e8df2 e-flex e-con-boxed e-con e-parent\" data-id=\"56e8df2\" data-element_type=\"container\">\n\t\t\t\t\t<div class=\"e-con-inner\">\n\t\t\t\t<div class=\"elementor-element elementor-element-7cd1dad9 elementor-widget elementor-widget-text-editor\" data-id=\"7cd1dad9\" data-element_type=\"widget\" data-widget_type=\"text-editor.default\">\n\t\t\t\t<div class=\"elementor-widget-container\">\n\t\t\t\t\t\t\t\t\t<p class=\"p1\">Le nom Eila est n\u00e9 d'un sentiment de joie tranquille et de confort, inspir\u00e9 par l'amour du designer pour la cr\u00e9ation d'espaces o\u00f9 l'on se sent chez soi. Les trois panneaux d'assise profil\u00e9s ont \u00e9t\u00e9 con\u00e7us pour \u00e9pouser les courbes du corps, car nous voulions que chaque assise soit personnelle et apporte un soutien. C'est pourquoi nous l'avons appel\u00e9 Eila - simple, chaleureux et plein de c\u0153ur.<\/p>\t\t\t\t\t\t\t\t<\/div>\n\t\t\t\t<\/div>\n\t\t\t\t<div class=\"elementor-element elementor-element-3f89177 elementor-widget-divider--view-line elementor-widget elementor-widget-divider\" data-id=\"3f89177\" data-element_type=\"widget\" data-widget_type=\"divider.default\">\n\t\t\t\t<div class=\"elementor-widget-container\">\n\t\t\t\t\t\t\t<div class=\"elementor-divider\">\n\t\t\t<span class=\"elementor-divider-separator\">\n\t\t\t\t\t\t<\/span>\n\t\t<\/div>\n\t\t\t\t\t\t<\/div>\n\t\t\t\t<\/div>\n\t\t\t\t\t<\/div>\n\t\t\t\t<\/div>\n\t\t<div class=\"elementor-element elementor-element-46cdb5b1 e-flex e-con-boxed e-con e-parent\" data-id=\"46cdb5b1\" data-element_type=\"container\">\n\t\t\t\t\t<div class=\"e-con-inner\">\n\t\t<div class=\"elementor-element elementor-element-8f9d35c e-con-full e-flex e-con e-child\" data-id=\"8f9d35c\" data-element_type=\"container\">\n\t\t\t\t<div class=\"elementor-element elementor-element-8df205c elementor-widget elementor-widget-heading\" data-id=\"8df205c\" data-element_type=\"widget\" data-widget_type=\"heading.default\">\n\t\t\t\t<div class=\"elementor-widget-container\">\n\t\t\t\t\t<h3 class=\"elementor-heading-title elementor-size-default\">\nSp\u00e9cifications<\/h3>\t\t\t\t<\/div>\n\t\t\t\t<\/div>\n\t\t\t\t<\/div>\n\t\t\t\t<div class=\"elementor-element elementor-element-5309bfdf elementor-widget elementor-widget-image\" data-id=\"5309bfdf\" data-element_type=\"widget\" data-widget_type=\"image.default\">\n\t\t\t\t<div class=\"elementor-widget-container\">\n\t\t\t\t\t\t\t\t\t\t\t\t\t\t\t<img fetchpriority=\"high\" decoding=\"async\" width=\"1242\" height=\"721\" src=\"https:\/\/www.plancuts.com\/wp-content\/uploads\/2025\/10\/eila-a.webp\" class=\"attachment-full size-full wp-image-2813\" alt=\"curviva\" srcset=\"https:\/\/www.plancuts.com\/wp-content\/uploads\/2025\/10\/eila-a.webp 1242w, https:\/\/www.plancuts.com\/wp-content\/uploads\/2025\/10\/eila-a-400x232.webp 400w, https:\/\/www.plancuts.com\/wp-content\/uploads\/2025\/10\/eila-a-768x446.webp 768w, https:\/\/www.plancuts.com\/wp-content\/uploads\/2025\/10\/eila-a-18x10.webp 18w, https:\/\/www.plancuts.com\/wp-content\/uploads\/2025\/10\/eila-a-800x464.webp 800w\" sizes=\"(max-width: 1242px) 100vw, 1242px\" title=\"Eila\">\t\t\t\t\t\t\t\t\t\t\t\t\t\t\t<\/div>\n\t\t\t\t<\/div>\n\t\t\t\t<div class=\"elementor-element elementor-element-524b320a elementor-widget-divider--view-line elementor-widget elementor-widget-divider\" data-id=\"524b320a\" data-element_type=\"widget\" data-widget_type=\"divider.default\">\n\t\t\t\t<div class=\"elementor-widget-container\">\n\t\t\t\t\t\t\t<div class=\"elementor-divider\">\n\t\t\t<span class=\"elementor-divider-separator\">\n\t\t\t\t\t\t<\/span>\n\t\t<\/div>\n\t\t\t\t\t\t<\/div>\n\t\t\t\t<\/div>\n\t\t<div class=\"elementor-element elementor-element-102427fe e-con-full e-flex e-con e-child\" data-id=\"102427fe\" data-element_type=\"container\">\n\t\t\t\t<div class=\"elementor-element elementor-element-c6ad96c elementor-widget elementor-widget-image\" data-id=\"c6ad96c\" data-element_type=\"widget\" data-widget_type=\"image.default\">\n\t\t\t\t<div class=\"elementor-widget-container\">\n\t\t\t\t\t\t\t\t\t\t\t\t\t\t\t<img decoding=\"async\" width=\"1242\" height=\"843\" src=\"https:\/\/www.plancuts.com\/wp-content\/uploads\/2025\/10\/eila-b.webp\" class=\"attachment-full size-full wp-image-2814\" alt=\"curviva\" srcset=\"https:\/\/www.plancuts.com\/wp-content\/uploads\/2025\/10\/eila-b.webp 1242w, https:\/\/www.plancuts.com\/wp-content\/uploads\/2025\/10\/eila-b-400x271.webp 400w, https:\/\/www.plancuts.com\/wp-content\/uploads\/2025\/10\/eila-b-768x521.webp 768w, https:\/\/www.plancuts.com\/wp-content\/uploads\/2025\/10\/eila-b-18x12.webp 18w, https:\/\/www.plancuts.com\/wp-content\/uploads\/2025\/10\/eila-b-800x543.webp 800w\" sizes=\"(max-width: 1242px) 100vw, 1242px\" title=\"Eila\">\t\t\t\t\t\t\t\t\t\t\t\t\t\t\t<\/div>\n\t\t\t\t<\/div>\n\t\t\t\t<div class=\"elementor-element elementor-element-2a7d1f6 elementor-widget-divider--view-line elementor-widget elementor-widget-divider\" data-id=\"2a7d1f6\" data-element_type=\"widget\" data-widget_type=\"divider.default\">\n\t\t\t\t<div class=\"elementor-widget-container\">\n\t\t\t\t\t\t\t<div class=\"elementor-divider\">\n\t\t\t<span class=\"elementor-divider-separator\">\n\t\t\t\t\t\t<\/span>\n\t\t<\/div>\n\t\t\t\t\t\t<\/div>\n\t\t\t\t<\/div>\n\t\t\t\t<\/div>\n\t\t\t\t\t<\/div>\n\t\t\t\t<\/div>\n\t\t<div class=\"elementor-element elementor-element-6cbe7b2a e-flex e-con-boxed e-con e-parent\" data-id=\"6cbe7b2a\" data-element_type=\"container\">\n\t\t\t\t\t<div class=\"e-con-inner\">\n\t\t\t\t<div class=\"elementor-element elementor-element-6a930610 elementor-widget elementor-widget-heading\" data-id=\"6a930610\" data-element_type=\"widget\" data-widget_type=\"heading.default\">\n\t\t\t\t<div class=\"elementor-widget-container\">\n\t\t\t\t\t<h3 class=\"elementor-heading-title elementor-size-default\">Avant d'acheter<\/h3>\t\t\t\t<\/div>\n\t\t\t\t<\/div>\n\t\t\t\t\t<\/div>\n\t\t\t\t<\/div>\n\t\t<div class=\"elementor-element elementor-element-25456055 e-flex e-con-boxed e-con e-parent\" data-id=\"25456055\" data-element_type=\"container\">\n\t\t\t\t\t<div class=\"e-con-inner\">\n\t\t\t\t<div class=\"elementor-element elementor-element-327c5878 elementor-widget elementor-widget-text-editor\" data-id=\"327c5878\" data-element_type=\"widget\" data-widget_type=\"text-editor.default\">\n\t\t\t\t<div class=\"elementor-widget-container\">\n\t\t\t\t\t\t\t\t\t<p class=\"p1\">Veuillez noter que les fichiers num\u00e9riques que vous achetez sont r\u00e9serv\u00e9s \u00e0 un usage personnel et que vous n'\u00eates pas autoris\u00e9 \u00e0 les reproduire, \u00e0 les vendre ou \u00e0 les utiliser \u00e0 des fins commerciales.<\/p><p class=\"p1\">En raison de la nature reproductible des produits num\u00e9riques, nous n'acceptons pas les remboursements, sauf si les fichiers sont endommag\u00e9s ou inaccessibles.<\/p><p class=\"p1\">Si vous avez des questions concernant les fichiers, n'h\u00e9sitez pas \u00e0 nous contacter avant de passer votre commande.<\/p><p class=\"p1\">Si vous rencontrez des probl\u00e8mes lors de la production ou de l'interpr\u00e9tation des dessins, vous pouvez nous consulter gratuitement.<a style=\"font-size: 16px; background-color: #ffffff;\" href=\"mailto:service@plancuts.com\">service@plancuts.com<\/a><\/p><p class=\"p1\"><strong>Merci de votre compr\u00e9hension et de votre soutien.<\/strong><\/p>\t\t\t\t\t\t\t\t<\/div>\n\t\t\t\t<\/div>\n\t\t\t\t\t<\/div>\n\t\t\t\t<\/div>\n\t\t\t\t<\/div>","protected":false},"excerpt":{"rendered":"<p>Eila Stool Design Concept The name Eila was born from a feeling of quiet joy and comfort, inspired by the designer\u2019s love for creating spaces that feel like home. The three contoured seat panels were crafted to cradle the body\u2019s curves, because we wanted every sit to feel personal and supportive. That\u2019s why we called [&hellip;]<\/p>","protected":false},"featured_media":1354,"comment_status":"open","ping_status":"closed","template":"","meta":{"site-sidebar-layout":"no-sidebar","site-content-layout":"page-builder","ast-site-content-layout":"normal-width-container","site-content-style":"boxed","site-sidebar-style":"default","ast-global-header-display":"","ast-banner-title-visibility":"","ast-main-header-display":"","ast-hfb-above-header-display":"","ast-hfb-below-header-display":"","ast-hfb-mobile-header-display":"","site-post-title":"","ast-breadcrumbs-content":"","ast-featured-img":"disabled","footer-sml-layout":"","theme-transparent-header-meta":"default","adv-header-id-meta":"","stick-header-meta":"","header-above-stick-meta":"","header-main-stick-meta":"","header-below-stick-meta":"","astra-migrate-meta-layouts":"set","ast-page-background-enabled":"default","ast-page-background-meta":{"desktop":{"background-color":"var(--ast-global-color-4)","background-image":"","background-repeat":"repeat","background-position":"center center","background-size":"auto","background-attachment":"scroll","background-type":"","background-media":"","overlay-type":"","overlay-color":"","overlay-opacity":"","overlay-gradient":""},"tablet":{"background-color":"","background-image":"","background-repeat":"repeat","background-position":"center center","background-size":"auto","background-attachment":"scroll","background-type":"","background-media":"","overlay-type":"","overlay-color":"","overlay-opacity":"","overlay-gradient":""},"mobile":{"background-color":"","background-image":"","background-repeat":"repeat","background-position":"center center","background-size":"auto","background-attachment":"scroll","background-type":"","background-media":"","overlay-type":"","overlay-color":"","overlay-opacity":"","overlay-gradient":""}},"ast-content-background-meta":{"desktop":{"background-color":"var(--ast-global-color-5)","background-image":"","background-repeat":"repeat","background-position":"center center","background-size":"auto","background-attachment":"scroll","background-type":"","background-media":"","overlay-type":"","overlay-color":"","overlay-opacity":"","overlay-gradient":""},"tablet":{"background-color":"var(--ast-global-color-5)","background-image":"","background-repeat":"repeat","background-position":"center center","background-size":"auto","background-attachment":"scroll","background-type":"","background-media":"","overlay-type":"","overlay-color":"","overlay-opacity":"","overlay-gradient":""},"mobile":{"background-color":"var(--ast-global-color-5)","background-image":"","background-repeat":"repeat","background-position":"center center","background-size":"auto","background-attachment":"scroll","background-type":"","background-media":"","overlay-type":"","overlay-color":"","overlay-opacity":"","overlay-gradient":""}}},"product_brand":[],"product_cat":[15],"product_tag":[],"class_list":{"0":"post-1115","1":"product","2":"type-product","3":"status-publish","4":"has-post-thumbnail","6":"product_cat-stool","7":"desktop-align-center","8":"tablet-align-left","9":"mobile-align-left","11":"first","12":"outofstock","13":"virtual","14":"purchasable","15":"product-type-simple"},"jetpack_sharing_enabled":true,"_links":{"self":[{"href":"https:\/\/www.plancuts.com\/fr\/wp-json\/wp\/v2\/product\/1115","targetHints":{"allow":["GET"]}}],"collection":[{"href":"https:\/\/www.plancuts.com\/fr\/wp-json\/wp\/v2\/product"}],"about":[{"href":"https:\/\/www.plancuts.com\/fr\/wp-json\/wp\/v2\/types\/product"}],"replies":[{"embeddable":true,"href":"https:\/\/www.plancuts.com\/fr\/wp-json\/wp\/v2\/comments?post=1115"}],"version-history":[{"count":22,"href":"https:\/\/www.plancuts.com\/fr\/wp-json\/wp\/v2\/product\/1115\/revisions"}],"predecessor-version":[{"id":2958,"href":"https:\/\/www.plancuts.com\/fr\/wp-json\/wp\/v2\/product\/1115\/revisions\/2958"}],"wp:featuredmedia":[{"embeddable":true,"href":"https:\/\/www.plancuts.com\/fr\/wp-json\/wp\/v2\/media\/1354"}],"wp:attachment":[{"href":"https:\/\/www.plancuts.com\/fr\/wp-json\/wp\/v2\/media?parent=1115"}],"wp:term":[{"taxonomy":"product_brand","embeddable":true,"href":"https:\/\/www.plancuts.com\/fr\/wp-json\/wp\/v2\/product_brand?post=1115"},{"taxonomy":"product_cat","embeddable":true,"href":"https:\/\/www.plancuts.com\/fr\/wp-json\/wp\/v2\/product_cat?post=1115"},{"taxonomy":"product_tag","embeddable":true,"href":"https:\/\/www.plancuts.com\/fr\/wp-json\/wp\/v2\/product_tag?post=1115"}],"curies":[{"name":"wp","href":"https:\/\/api.w.org\/{rel}","templated":true}]}}