{"id":1126,"date":"2025-10-02T12:06:50","date_gmt":"2025-10-02T17:06:50","guid":{"rendered":"https:\/\/www.plancuts.com\/?post_type=product&#038;p=1126"},"modified":"2025-12-06T17:37:22","modified_gmt":"2025-12-06T23:37:22","slug":"tideseat-3","status":"publish","type":"product","link":"https:\/\/www.plancuts.com\/fr\/produit\/tideseat-3\/","title":{"rendered":"si\u00e8ge de la mar\u00e9e"},"content":{"rendered":"<div data-elementor-type=\"product-post\" data-elementor-id=\"1126\" class=\"elementor elementor-1126\" data-elementor-post-type=\"product\">\n\t\t\t\t<div class=\"elementor-element elementor-element-6003ca73 e-flex e-con-boxed e-con e-parent\" data-id=\"6003ca73\" data-element_type=\"container\">\n\t\t\t\t\t<div class=\"e-con-inner\">\n\t\t\t\t<div class=\"elementor-element elementor-element-299d8184 elementor-widget elementor-widget-heading\" data-id=\"299d8184\" data-element_type=\"widget\" data-widget_type=\"heading.default\">\n\t\t\t\t<div class=\"elementor-widget-container\">\n\t\t\t\t\t<h3 class=\"elementor-heading-title elementor-size-default\">Tideseat - N\u00e9 d'une aspiration \u00e0 la s\u00e9r\u00e9nit\u00e9 des mar\u00e9es<\/h3>\t\t\t\t<\/div>\n\t\t\t\t<\/div>\n\t\t\t\t\t<\/div>\n\t\t\t\t<\/div>\n\t\t<div class=\"elementor-element elementor-element-326d7700 e-flex e-con-boxed e-con e-parent\" data-id=\"326d7700\" data-element_type=\"container\">\n\t\t\t\t\t<div class=\"e-con-inner\">\n\t\t\t\t<div class=\"elementor-element elementor-element-71bbca29 elementor-widget elementor-widget-text-editor\" data-id=\"71bbca29\" data-element_type=\"widget\" data-widget_type=\"text-editor.default\">\n\t\t\t\t<div class=\"elementor-widget-container\">\n\t\t\t\t\t\t\t\t\t<p class=\"p1\">Le nom Tideseat \u00e9voque le rythme fluide des mar\u00e9es oc\u00e9aniques dans son assise en forme de grille, incarnant un style de design qui fusionne le flux serein et le calme structur\u00e9. Les courbes douces du tabouret, inspir\u00e9es des vagues, et l'assise en grille \u00e0 petits carreaux, qui fait l\u00e9g\u00e8rement \u00e9cho \u00e0 un clavier, \u00e9voquent le pouls apaisant de la mer dans un cadre robuste. Ce m\u00e9lange harmonieux de mouvement et d'ordre invite \u00e0 un repos tranquille dans n'importe quel espace.<\/p>\t\t\t\t\t\t\t\t<\/div>\n\t\t\t\t<\/div>\n\t\t\t\t<div class=\"elementor-element elementor-element-48c8a11b elementor-widget-divider--view-line elementor-widget elementor-widget-divider\" data-id=\"48c8a11b\" data-element_type=\"widget\" data-widget_type=\"divider.default\">\n\t\t\t\t<div class=\"elementor-widget-container\">\n\t\t\t\t\t\t\t<div class=\"elementor-divider\">\n\t\t\t<span class=\"elementor-divider-separator\">\n\t\t\t\t\t\t<\/span>\n\t\t<\/div>\n\t\t\t\t\t\t<\/div>\n\t\t\t\t<\/div>\n\t\t\t\t\t<\/div>\n\t\t\t\t<\/div>\n\t\t<div class=\"elementor-element elementor-element-2a9a112 e-flex e-con-boxed e-con e-parent\" data-id=\"2a9a112\" data-element_type=\"container\">\n\t\t\t\t\t<div class=\"e-con-inner\">\n\t\t<div class=\"elementor-element elementor-element-3fb165bf e-con-full e-flex e-con e-child\" data-id=\"3fb165bf\" data-element_type=\"container\">\n\t\t\t\t<div class=\"elementor-element elementor-element-2df1ab32 elementor-widget elementor-widget-heading\" data-id=\"2df1ab32\" data-element_type=\"widget\" data-widget_type=\"heading.default\">\n\t\t\t\t<div class=\"elementor-widget-container\">\n\t\t\t\t\t<h3 class=\"elementor-heading-title elementor-size-default\">\nSp\u00e9cifications<\/h3>\t\t\t\t<\/div>\n\t\t\t\t<\/div>\n\t\t\t\t<\/div>\n\t\t\t\t<div class=\"elementor-element elementor-element-7415e7b5 elementor-widget elementor-widget-image\" data-id=\"7415e7b5\" data-element_type=\"widget\" data-widget_type=\"image.default\">\n\t\t\t\t<div class=\"elementor-widget-container\">\n\t\t\t\t\t\t\t\t\t\t\t\t\t\t\t<img fetchpriority=\"high\" decoding=\"async\" width=\"1242\" height=\"723\" src=\"https:\/\/www.plancuts.com\/wp-content\/uploads\/2025\/10\/plywood001-a.webp\" class=\"attachment-full size-full wp-image-2838\" alt=\"curviva\" srcset=\"https:\/\/www.plancuts.com\/wp-content\/uploads\/2025\/10\/plywood001-a.webp 1242w, https:\/\/www.plancuts.com\/wp-content\/uploads\/2025\/10\/plywood001-a-400x233.webp 400w, https:\/\/www.plancuts.com\/wp-content\/uploads\/2025\/10\/plywood001-a-768x447.webp 768w, https:\/\/www.plancuts.com\/wp-content\/uploads\/2025\/10\/plywood001-a-18x10.webp 18w, https:\/\/www.plancuts.com\/wp-content\/uploads\/2025\/10\/plywood001-a-800x466.webp 800w\" sizes=\"(max-width: 1242px) 100vw, 1242px\" title=\"si\u00e8ge de la mar\u00e9e\">\t\t\t\t\t\t\t\t\t\t\t\t\t\t\t<\/div>\n\t\t\t\t<\/div>\n\t\t\t\t<div class=\"elementor-element elementor-element-d4e61b7 elementor-widget elementor-widget-image\" data-id=\"d4e61b7\" data-element_type=\"widget\" data-widget_type=\"image.default\">\n\t\t\t\t<div class=\"elementor-widget-container\">\n\t\t\t\t\t\t\t\t\t\t\t\t\t\t\t<img decoding=\"async\" width=\"1242\" height=\"840\" src=\"https:\/\/www.plancuts.com\/wp-content\/uploads\/2025\/10\/plywood001-b.webp\" class=\"attachment-full size-full wp-image-2839\" alt=\"curviva\" srcset=\"https:\/\/www.plancuts.com\/wp-content\/uploads\/2025\/10\/plywood001-b.webp 1242w, https:\/\/www.plancuts.com\/wp-content\/uploads\/2025\/10\/plywood001-b-400x271.webp 400w, https:\/\/www.plancuts.com\/wp-content\/uploads\/2025\/10\/plywood001-b-768x519.webp 768w, https:\/\/www.plancuts.com\/wp-content\/uploads\/2025\/10\/plywood001-b-18x12.webp 18w, https:\/\/www.plancuts.com\/wp-content\/uploads\/2025\/10\/plywood001-b-800x541.webp 800w\" sizes=\"(max-width: 1242px) 100vw, 1242px\" title=\"si\u00e8ge de la mar\u00e9e\">\t\t\t\t\t\t\t\t\t\t\t\t\t\t\t<\/div>\n\t\t\t\t<\/div>\n\t\t\t\t<div class=\"elementor-element elementor-element-93b4d32 elementor-widget-divider--view-line elementor-widget elementor-widget-divider\" data-id=\"93b4d32\" data-element_type=\"widget\" data-widget_type=\"divider.default\">\n\t\t\t\t<div class=\"elementor-widget-container\">\n\t\t\t\t\t\t\t<div class=\"elementor-divider\">\n\t\t\t<span class=\"elementor-divider-separator\">\n\t\t\t\t\t\t<\/span>\n\t\t<\/div>\n\t\t\t\t\t\t<\/div>\n\t\t\t\t<\/div>\n\t\t\t\t\t<\/div>\n\t\t\t\t<\/div>\n\t\t<div class=\"elementor-element elementor-element-5d520519 e-flex e-con-boxed e-con e-parent\" data-id=\"5d520519\" data-element_type=\"container\">\n\t\t\t\t\t<div class=\"e-con-inner\">\n\t\t\t\t<div class=\"elementor-element elementor-element-7cded34 elementor-widget elementor-widget-heading\" data-id=\"7cded34\" data-element_type=\"widget\" data-widget_type=\"heading.default\">\n\t\t\t\t<div class=\"elementor-widget-container\">\n\t\t\t\t\t<h3 class=\"elementor-heading-title elementor-size-default\">Avant d'acheter<\/h3>\t\t\t\t<\/div>\n\t\t\t\t<\/div>\n\t\t\t\t\t<\/div>\n\t\t\t\t<\/div>\n\t\t<div class=\"elementor-element elementor-element-4fe0b898 e-flex e-con-boxed e-con e-parent\" data-id=\"4fe0b898\" data-element_type=\"container\">\n\t\t\t\t\t<div class=\"e-con-inner\">\n\t\t\t\t<div class=\"elementor-element elementor-element-6b24fb77 elementor-widget elementor-widget-text-editor\" data-id=\"6b24fb77\" data-element_type=\"widget\" data-widget_type=\"text-editor.default\">\n\t\t\t\t<div class=\"elementor-widget-container\">\n\t\t\t\t\t\t\t\t\t<p class=\"p1\">Veuillez noter que les fichiers num\u00e9riques que vous achetez sont r\u00e9serv\u00e9s \u00e0 un usage personnel et que vous n'\u00eates pas autoris\u00e9 \u00e0 les reproduire, \u00e0 les vendre ou \u00e0 les utiliser \u00e0 des fins commerciales.<\/p><p class=\"p1\">En raison de la nature reproductible des produits num\u00e9riques, nous n'acceptons pas les remboursements, sauf si les fichiers sont endommag\u00e9s ou inaccessibles.<\/p><p class=\"p1\">Si vous avez des questions concernant les fichiers, n'h\u00e9sitez pas \u00e0 nous contacter avant de passer votre commande.<\/p><p class=\"p1\">Si vous rencontrez des probl\u00e8mes lors de la production ou de l'interpr\u00e9tation des dessins, vous pouvez nous consulter gratuitement.<a style=\"font-size: 16px; background-color: #ffffff;\" href=\"mailto:service@plancuts.com\">service@plancuts.com<\/a><\/p><p class=\"p1\"><strong>Merci de votre compr\u00e9hension et de votre soutien.<\/strong><\/p>\t\t\t\t\t\t\t\t<\/div>\n\t\t\t\t<\/div>\n\t\t\t\t\t<\/div>\n\t\t\t\t<\/div>\n\t\t\t\t<\/div>","protected":false},"excerpt":{"rendered":"<p>Tideseat \u2014 Born from a Yearning for Tidal Serenity The name Tideseat weaves the fluid rhythm of ocean tides into its grid-like seat, embodying a design style that fuses serene flow with structured calm. The stool\u2019s gentle, wave-inspired curves and small-square grid seat, faintly echoing a keyboard, evoke the soothing pulse of the sea within [&hellip;]<\/p>","protected":false},"featured_media":1346,"comment_status":"open","ping_status":"closed","template":"","meta":{"site-sidebar-layout":"no-sidebar","site-content-layout":"page-builder","ast-site-content-layout":"normal-width-container","site-content-style":"boxed","site-sidebar-style":"default","ast-global-header-display":"","ast-banner-title-visibility":"","ast-main-header-display":"","ast-hfb-above-header-display":"","ast-hfb-below-header-display":"","ast-hfb-mobile-header-display":"","site-post-title":"","ast-breadcrumbs-content":"","ast-featured-img":"disabled","footer-sml-layout":"","theme-transparent-header-meta":"default","adv-header-id-meta":"","stick-header-meta":"","header-above-stick-meta":"","header-main-stick-meta":"","header-below-stick-meta":"","astra-migrate-meta-layouts":"set","ast-page-background-enabled":"default","ast-page-background-meta":{"desktop":{"background-color":"var(--ast-global-color-4)","background-image":"","background-repeat":"repeat","background-position":"center center","background-size":"auto","background-attachment":"scroll","background-type":"","background-media":"","overlay-type":"","overlay-color":"","overlay-opacity":"","overlay-gradient":""},"tablet":{"background-color":"","background-image":"","background-repeat":"repeat","background-position":"center center","background-size":"auto","background-attachment":"scroll","background-type":"","background-media":"","overlay-type":"","overlay-color":"","overlay-opacity":"","overlay-gradient":""},"mobile":{"background-color":"","background-image":"","background-repeat":"repeat","background-position":"center center","background-size":"auto","background-attachment":"scroll","background-type":"","background-media":"","overlay-type":"","overlay-color":"","overlay-opacity":"","overlay-gradient":""}},"ast-content-background-meta":{"desktop":{"background-color":"var(--ast-global-color-5)","background-image":"","background-repeat":"repeat","background-position":"center center","background-size":"auto","background-attachment":"scroll","background-type":"","background-media":"","overlay-type":"","overlay-color":"","overlay-opacity":"","overlay-gradient":""},"tablet":{"background-color":"var(--ast-global-color-5)","background-image":"","background-repeat":"repeat","background-position":"center center","background-size":"auto","background-attachment":"scroll","background-type":"","background-media":"","overlay-type":"","overlay-color":"","overlay-opacity":"","overlay-gradient":""},"mobile":{"background-color":"var(--ast-global-color-5)","background-image":"","background-repeat":"repeat","background-position":"center center","background-size":"auto","background-attachment":"scroll","background-type":"","background-media":"","overlay-type":"","overlay-color":"","overlay-opacity":"","overlay-gradient":""}}},"product_brand":[],"product_cat":[23],"product_tag":[],"class_list":{"0":"post-1126","1":"product","2":"type-product","3":"status-publish","4":"has-post-thumbnail","6":"product_cat-chair","7":"desktop-align-center","8":"tablet-align-left","9":"mobile-align-left","11":"first","12":"outofstock","13":"shipping-taxable","14":"purchasable","15":"product-type-simple"},"jetpack_sharing_enabled":true,"_links":{"self":[{"href":"https:\/\/www.plancuts.com\/fr\/wp-json\/wp\/v2\/product\/1126","targetHints":{"allow":["GET"]}}],"collection":[{"href":"https:\/\/www.plancuts.com\/fr\/wp-json\/wp\/v2\/product"}],"about":[{"href":"https:\/\/www.plancuts.com\/fr\/wp-json\/wp\/v2\/types\/product"}],"replies":[{"embeddable":true,"href":"https:\/\/www.plancuts.com\/fr\/wp-json\/wp\/v2\/comments?post=1126"}],"version-history":[{"count":10,"href":"https:\/\/www.plancuts.com\/fr\/wp-json\/wp\/v2\/product\/1126\/revisions"}],"predecessor-version":[{"id":2955,"href":"https:\/\/www.plancuts.com\/fr\/wp-json\/wp\/v2\/product\/1126\/revisions\/2955"}],"wp:featuredmedia":[{"embeddable":true,"href":"https:\/\/www.plancuts.com\/fr\/wp-json\/wp\/v2\/media\/1346"}],"wp:attachment":[{"href":"https:\/\/www.plancuts.com\/fr\/wp-json\/wp\/v2\/media?parent=1126"}],"wp:term":[{"taxonomy":"product_brand","embeddable":true,"href":"https:\/\/www.plancuts.com\/fr\/wp-json\/wp\/v2\/product_brand?post=1126"},{"taxonomy":"product_cat","embeddable":true,"href":"https:\/\/www.plancuts.com\/fr\/wp-json\/wp\/v2\/product_cat?post=1126"},{"taxonomy":"product_tag","embeddable":true,"href":"https:\/\/www.plancuts.com\/fr\/wp-json\/wp\/v2\/product_tag?post=1126"}],"curies":[{"name":"wp","href":"https:\/\/api.w.org\/{rel}","templated":true}]}}