{"id":1135,"date":"2025-10-02T12:08:26","date_gmt":"2025-10-02T17:08:26","guid":{"rendered":"https:\/\/www.plancuts.com\/?post_type=product&#038;p=1135"},"modified":"2025-11-12T05:42:27","modified_gmt":"2025-11-12T11:42:27","slug":"folia","status":"publish","type":"product","link":"https:\/\/www.plancuts.com\/fr\/produit\/folia\/","title":{"rendered":"Folia"},"content":{"rendered":"<div data-elementor-type=\"product-post\" data-elementor-id=\"1135\" class=\"elementor elementor-1135\" data-elementor-post-type=\"product\">\n\t\t\t\t<div class=\"elementor-element elementor-element-3b78e84a e-flex e-con-boxed e-con e-parent\" data-id=\"3b78e84a\" data-element_type=\"container\">\n\t\t\t\t\t<div class=\"e-con-inner\">\n\t\t\t\t<div class=\"elementor-element elementor-element-36828e5c elementor-widget elementor-widget-heading\" data-id=\"36828e5c\" data-element_type=\"widget\" data-widget_type=\"heading.default\">\n\t\t\t\t<div class=\"elementor-widget-container\">\n\t\t\t\t\t<h3 class=\"elementor-heading-title elementor-size-default\">Folia - Tabouret en bois<\/h3>\t\t\t\t<\/div>\n\t\t\t\t<\/div>\n\t\t\t\t\t<\/div>\n\t\t\t\t<\/div>\n\t\t<div class=\"elementor-element elementor-element-7410fc55 e-flex e-con-boxed e-con e-parent\" data-id=\"7410fc55\" data-element_type=\"container\">\n\t\t\t\t\t<div class=\"e-con-inner\">\n\t\t\t\t<div class=\"elementor-element elementor-element-1c3ea1b8 elementor-widget elementor-widget-text-editor\" data-id=\"1c3ea1b8\" data-element_type=\"widget\" data-widget_type=\"text-editor.default\">\n\t\t\t\t<div class=\"elementor-widget-container\">\n\t\t\t\t\t\t\t\t\t<p class=\"p1\">Le nom Folia vient du mot latin pour \u201cfeuille\".Tout comme les feuilles se d\u00e9ploient avec une pr\u00e9cision tranquille, le si\u00e8ge de ce tabouret est form\u00e9 par quatre pi\u00e8ces de bois de bouleau - chaque panneau se d\u00e9ploie en \u00e9quilibre, en l\u00e9g\u00e8ret\u00e9 et en vie.Sa simplicit\u00e9 cache une vitalit\u00e9 tranquille, nous rappelant que m\u00eame la plus petite forme peut porter le rythme de la nature.<\/p>\t\t\t\t\t\t\t\t<\/div>\n\t\t\t\t<\/div>\n\t\t\t\t<div class=\"elementor-element elementor-element-5e641577 elementor-widget-divider--view-line elementor-widget elementor-widget-divider\" data-id=\"5e641577\" data-element_type=\"widget\" data-widget_type=\"divider.default\">\n\t\t\t\t<div class=\"elementor-widget-container\">\n\t\t\t\t\t\t\t<div class=\"elementor-divider\">\n\t\t\t<span class=\"elementor-divider-separator\">\n\t\t\t\t\t\t<\/span>\n\t\t<\/div>\n\t\t\t\t\t\t<\/div>\n\t\t\t\t<\/div>\n\t\t\t\t\t<\/div>\n\t\t\t\t<\/div>\n\t\t<div class=\"elementor-element elementor-element-66d8eadb e-flex e-con-boxed e-con e-parent\" data-id=\"66d8eadb\" data-element_type=\"container\">\n\t\t\t\t\t<div class=\"e-con-inner\">\n\t\t<div class=\"elementor-element elementor-element-7bce1561 e-con-full e-flex e-con e-child\" data-id=\"7bce1561\" data-element_type=\"container\">\n\t\t\t\t<div class=\"elementor-element elementor-element-2097a420 elementor-widget elementor-widget-heading\" data-id=\"2097a420\" data-element_type=\"widget\" data-widget_type=\"heading.default\">\n\t\t\t\t<div class=\"elementor-widget-container\">\n\t\t\t\t\t<h3 class=\"elementor-heading-title elementor-size-default\">\nSp\u00e9cifications<\/h3>\t\t\t\t<\/div>\n\t\t\t\t<\/div>\n\t\t\t\t<\/div>\n\t\t\t\t<div class=\"elementor-element elementor-element-48c157fc elementor-widget elementor-widget-image\" data-id=\"48c157fc\" data-element_type=\"widget\" data-widget_type=\"image.default\">\n\t\t\t\t<div class=\"elementor-widget-container\">\n\t\t\t\t\t\t\t\t\t\t\t\t\t\t\t<img fetchpriority=\"high\" decoding=\"async\" width=\"1242\" height=\"721\" src=\"https:\/\/www.plancuts.com\/wp-content\/uploads\/2025\/10\/folia-a.webp\" class=\"attachment-full size-full wp-image-2817\" alt=\"curviva\" srcset=\"https:\/\/www.plancuts.com\/wp-content\/uploads\/2025\/10\/folia-a.webp 1242w, https:\/\/www.plancuts.com\/wp-content\/uploads\/2025\/10\/folia-a-400x232.webp 400w, https:\/\/www.plancuts.com\/wp-content\/uploads\/2025\/10\/folia-a-768x446.webp 768w, https:\/\/www.plancuts.com\/wp-content\/uploads\/2025\/10\/folia-a-18x10.webp 18w, https:\/\/www.plancuts.com\/wp-content\/uploads\/2025\/10\/folia-a-800x464.webp 800w\" sizes=\"(max-width: 1242px) 100vw, 1242px\" title=\"Folia\">\t\t\t\t\t\t\t\t\t\t\t\t\t\t\t<\/div>\n\t\t\t\t<\/div>\n\t\t\t\t<div class=\"elementor-element elementor-element-8ece969 elementor-widget elementor-widget-image\" data-id=\"8ece969\" data-element_type=\"widget\" data-widget_type=\"image.default\">\n\t\t\t\t<div class=\"elementor-widget-container\">\n\t\t\t\t\t\t\t\t\t\t\t\t\t\t\t<img decoding=\"async\" width=\"1242\" height=\"843\" src=\"https:\/\/www.plancuts.com\/wp-content\/uploads\/2025\/10\/folia-b.webp\" class=\"attachment-full size-full wp-image-2818\" alt=\"curviva\" srcset=\"https:\/\/www.plancuts.com\/wp-content\/uploads\/2025\/10\/folia-b.webp 1242w, https:\/\/www.plancuts.com\/wp-content\/uploads\/2025\/10\/folia-b-400x271.webp 400w, https:\/\/www.plancuts.com\/wp-content\/uploads\/2025\/10\/folia-b-768x521.webp 768w, https:\/\/www.plancuts.com\/wp-content\/uploads\/2025\/10\/folia-b-18x12.webp 18w, https:\/\/www.plancuts.com\/wp-content\/uploads\/2025\/10\/folia-b-800x543.webp 800w\" sizes=\"(max-width: 1242px) 100vw, 1242px\" title=\"Folia\">\t\t\t\t\t\t\t\t\t\t\t\t\t\t\t<\/div>\n\t\t\t\t<\/div>\n\t\t\t\t<div class=\"elementor-element elementor-element-4ef9a62b elementor-widget-divider--view-line elementor-widget elementor-widget-divider\" data-id=\"4ef9a62b\" data-element_type=\"widget\" data-widget_type=\"divider.default\">\n\t\t\t\t<div class=\"elementor-widget-container\">\n\t\t\t\t\t\t\t<div class=\"elementor-divider\">\n\t\t\t<span class=\"elementor-divider-separator\">\n\t\t\t\t\t\t<\/span>\n\t\t<\/div>\n\t\t\t\t\t\t<\/div>\n\t\t\t\t<\/div>\n\t\t\t\t\t<\/div>\n\t\t\t\t<\/div>\n\t\t<div class=\"elementor-element elementor-element-16d95049 e-flex e-con-boxed e-con e-parent\" data-id=\"16d95049\" data-element_type=\"container\">\n\t\t\t\t\t<div class=\"e-con-inner\">\n\t\t\t\t<div class=\"elementor-element elementor-element-5644c367 elementor-widget elementor-widget-heading\" data-id=\"5644c367\" data-element_type=\"widget\" data-widget_type=\"heading.default\">\n\t\t\t\t<div class=\"elementor-widget-container\">\n\t\t\t\t\t<h3 class=\"elementor-heading-title elementor-size-default\">Avant d'acheter<\/h3>\t\t\t\t<\/div>\n\t\t\t\t<\/div>\n\t\t\t\t\t<\/div>\n\t\t\t\t<\/div>\n\t\t<div class=\"elementor-element elementor-element-163aed68 e-flex e-con-boxed e-con e-parent\" data-id=\"163aed68\" data-element_type=\"container\">\n\t\t\t\t\t<div class=\"e-con-inner\">\n\t\t\t\t<div class=\"elementor-element elementor-element-7f4b25ff elementor-widget elementor-widget-text-editor\" data-id=\"7f4b25ff\" data-element_type=\"widget\" data-widget_type=\"text-editor.default\">\n\t\t\t\t<div class=\"elementor-widget-container\">\n\t\t\t\t\t\t\t\t\t<p class=\"p1\">Veuillez noter que les fichiers num\u00e9riques que vous achetez sont r\u00e9serv\u00e9s \u00e0 un usage personnel et que vous n'\u00eates pas autoris\u00e9 \u00e0 les reproduire, \u00e0 les vendre ou \u00e0 les utiliser \u00e0 des fins commerciales.<\/p><p class=\"p1\">En raison de la nature reproductible des produits num\u00e9riques, nous n'acceptons pas les remboursements, sauf si les fichiers sont endommag\u00e9s ou inaccessibles.<\/p><p class=\"p1\">Si vous avez des questions concernant les fichiers, n'h\u00e9sitez pas \u00e0 nous contacter avant de passer votre commande.<\/p><p class=\"p1\">Si vous rencontrez des probl\u00e8mes lors de la production ou de l'interpr\u00e9tation des dessins, vous pouvez nous consulter gratuitement.<a style=\"font-size: 16px; background-color: #ffffff;\" href=\"mailto:service@plancuts.com\">service@plancuts.com<\/a><\/p><p class=\"p1\"><strong>Merci de votre compr\u00e9hension et de votre soutien.<\/strong><\/p>\t\t\t\t\t\t\t\t<\/div>\n\t\t\t\t<\/div>\n\t\t\t\t\t<\/div>\n\t\t\t\t<\/div>\n\t\t\t\t<\/div>","protected":false},"excerpt":{"rendered":"<p>Folia \u2014 Wooden Stool The name Folia comes from the Latin word for \u201cleaf.Just like how leaves unfold with quiet precision, this stool\u2019s seat is formed by four pieces of birch wood \u2014 each panel spreading out in balance, lightness, and life.Its simplicity conceals a quiet vitality, reminding us that even the smallest form can [&hellip;]<\/p>","protected":false},"featured_media":1338,"comment_status":"open","ping_status":"closed","template":"","meta":{"site-sidebar-layout":"no-sidebar","site-content-layout":"page-builder","ast-site-content-layout":"full-width-container","site-content-style":"default","site-sidebar-style":"default","ast-global-header-display":"","ast-banner-title-visibility":"","ast-main-header-display":"","ast-hfb-above-header-display":"","ast-hfb-below-header-display":"","ast-hfb-mobile-header-display":"","site-post-title":"","ast-breadcrumbs-content":"","ast-featured-img":"disabled","footer-sml-layout":"","theme-transparent-header-meta":"default","adv-header-id-meta":"","stick-header-meta":"","header-above-stick-meta":"","header-main-stick-meta":"","header-below-stick-meta":"","astra-migrate-meta-layouts":"set","ast-page-background-enabled":"default","ast-page-background-meta":{"desktop":{"background-color":"var(--ast-global-color-4)","background-image":"","background-repeat":"repeat","background-position":"center center","background-size":"auto","background-attachment":"scroll","background-type":"","background-media":"","overlay-type":"","overlay-color":"","overlay-opacity":"","overlay-gradient":""},"tablet":{"background-color":"","background-image":"","background-repeat":"repeat","background-position":"center center","background-size":"auto","background-attachment":"scroll","background-type":"","background-media":"","overlay-type":"","overlay-color":"","overlay-opacity":"","overlay-gradient":""},"mobile":{"background-color":"","background-image":"","background-repeat":"repeat","background-position":"center center","background-size":"auto","background-attachment":"scroll","background-type":"","background-media":"","overlay-type":"","overlay-color":"","overlay-opacity":"","overlay-gradient":""}},"ast-content-background-meta":{"desktop":{"background-color":"var(--ast-global-color-5)","background-image":"","background-repeat":"repeat","background-position":"center center","background-size":"auto","background-attachment":"scroll","background-type":"","background-media":"","overlay-type":"","overlay-color":"","overlay-opacity":"","overlay-gradient":""},"tablet":{"background-color":"var(--ast-global-color-5)","background-image":"","background-repeat":"repeat","background-position":"center center","background-size":"auto","background-attachment":"scroll","background-type":"","background-media":"","overlay-type":"","overlay-color":"","overlay-opacity":"","overlay-gradient":""},"mobile":{"background-color":"var(--ast-global-color-5)","background-image":"","background-repeat":"repeat","background-position":"center center","background-size":"auto","background-attachment":"scroll","background-type":"","background-media":"","overlay-type":"","overlay-color":"","overlay-opacity":"","overlay-gradient":""}}},"product_brand":[],"product_cat":[15],"product_tag":[],"class_list":{"0":"post-1135","1":"product","2":"type-product","3":"status-publish","4":"has-post-thumbnail","6":"product_cat-stool","7":"desktop-align-center","8":"tablet-align-left","9":"mobile-align-left","11":"first","12":"outofstock","13":"shipping-taxable","14":"purchasable","15":"product-type-simple"},"jetpack_sharing_enabled":true,"_links":{"self":[{"href":"https:\/\/www.plancuts.com\/fr\/wp-json\/wp\/v2\/product\/1135","targetHints":{"allow":["GET"]}}],"collection":[{"href":"https:\/\/www.plancuts.com\/fr\/wp-json\/wp\/v2\/product"}],"about":[{"href":"https:\/\/www.plancuts.com\/fr\/wp-json\/wp\/v2\/types\/product"}],"replies":[{"embeddable":true,"href":"https:\/\/www.plancuts.com\/fr\/wp-json\/wp\/v2\/comments?post=1135"}],"version-history":[{"count":7,"href":"https:\/\/www.plancuts.com\/fr\/wp-json\/wp\/v2\/product\/1135\/revisions"}],"predecessor-version":[{"id":2961,"href":"https:\/\/www.plancuts.com\/fr\/wp-json\/wp\/v2\/product\/1135\/revisions\/2961"}],"wp:featuredmedia":[{"embeddable":true,"href":"https:\/\/www.plancuts.com\/fr\/wp-json\/wp\/v2\/media\/1338"}],"wp:attachment":[{"href":"https:\/\/www.plancuts.com\/fr\/wp-json\/wp\/v2\/media?parent=1135"}],"wp:term":[{"taxonomy":"product_brand","embeddable":true,"href":"https:\/\/www.plancuts.com\/fr\/wp-json\/wp\/v2\/product_brand?post=1135"},{"taxonomy":"product_cat","embeddable":true,"href":"https:\/\/www.plancuts.com\/fr\/wp-json\/wp\/v2\/product_cat?post=1135"},{"taxonomy":"product_tag","embeddable":true,"href":"https:\/\/www.plancuts.com\/fr\/wp-json\/wp\/v2\/product_tag?post=1135"}],"curies":[{"name":"wp","href":"https:\/\/api.w.org\/{rel}","templated":true}]}}