{"id":1144,"date":"2025-10-02T12:09:46","date_gmt":"2025-10-02T17:09:46","guid":{"rendered":"https:\/\/www.plancuts.com\/?post_type=product&#038;p=1144"},"modified":"2025-11-12T05:42:09","modified_gmt":"2025-11-12T11:42:09","slug":"brise","status":"publish","type":"product","link":"https:\/\/www.plancuts.com\/fr\/produit\/brise\/","title":{"rendered":"brise"},"content":{"rendered":"<div data-elementor-type=\"product-post\" data-elementor-id=\"1144\" class=\"elementor elementor-1144\" data-elementor-post-type=\"product\">\n\t\t\t\t<div class=\"elementor-element elementor-element-52fc11ee e-flex e-con-boxed e-con e-parent\" data-id=\"52fc11ee\" data-element_type=\"container\">\n\t\t\t\t\t<div class=\"e-con-inner\">\n\t\t\t\t<div class=\"elementor-element elementor-element-26c330f elementor-widget elementor-widget-heading\" data-id=\"26c330f\" data-element_type=\"widget\" data-widget_type=\"heading.default\">\n\t\t\t\t<div class=\"elementor-widget-container\">\n\t\t\t\t\t<h3 class=\"elementor-heading-title elementor-size-default\">Breeza - Aliment\u00e9 par un tendre d\u00e9sir de nourriture et de l\u00e9g\u00e8ret\u00e9<\/h3>\t\t\t\t<\/div>\n\t\t\t\t<\/div>\n\t\t\t\t\t<\/div>\n\t\t\t\t<\/div>\n\t\t<div class=\"elementor-element elementor-element-14e21101 e-flex e-con-boxed e-con e-parent\" data-id=\"14e21101\" data-element_type=\"container\">\n\t\t\t\t\t<div class=\"e-con-inner\">\n\t\t\t\t<div class=\"elementor-element elementor-element-10a02921 elementor-widget elementor-widget-text-editor\" data-id=\"10a02921\" data-element_type=\"widget\" data-widget_type=\"text-editor.default\">\n\t\t\t\t<div class=\"elementor-widget-container\">\n\t\t\t\t\t\t\t\t\t<p class=\"p1\">Le nom Breeza d\u00e9coule d'une profonde affection pour l'\u00e9treinte douce et nourrici\u00e8re d'un nid d'oiseau et la libert\u00e9 a\u00e9rienne d'une brise. Ce tabouret en forme de nid, avec sa forme organique tiss\u00e9e et son espace de rangement astucieux, capture la chaleur r\u00e9confortante d'un havre de paix. Les courbes d\u00e9licates et la structure ouverte \u00e9voquent la l\u00e9g\u00e8ret\u00e9 d'un nid ber\u00e7ant la vie, invitant au repos tout en offrant un endroit o\u00f9 ranger ses tr\u00e9sors. Breeza incarne un m\u00e9lange sinc\u00e8re de protection douillette et de charme ludique.<\/p>\t\t\t\t\t\t\t\t<\/div>\n\t\t\t\t<\/div>\n\t\t\t\t<div class=\"elementor-element elementor-element-4c5ec8f4 elementor-widget-divider--view-line elementor-widget elementor-widget-divider\" data-id=\"4c5ec8f4\" data-element_type=\"widget\" data-widget_type=\"divider.default\">\n\t\t\t\t<div class=\"elementor-widget-container\">\n\t\t\t\t\t\t\t<div class=\"elementor-divider\">\n\t\t\t<span class=\"elementor-divider-separator\">\n\t\t\t\t\t\t<\/span>\n\t\t<\/div>\n\t\t\t\t\t\t<\/div>\n\t\t\t\t<\/div>\n\t\t\t\t\t<\/div>\n\t\t\t\t<\/div>\n\t\t<div class=\"elementor-element elementor-element-3cd1a2e7 e-flex e-con-boxed e-con e-parent\" data-id=\"3cd1a2e7\" data-element_type=\"container\">\n\t\t\t\t\t<div class=\"e-con-inner\">\n\t\t<div class=\"elementor-element elementor-element-7cc7f6e2 e-con-full e-flex e-con e-child\" data-id=\"7cc7f6e2\" data-element_type=\"container\">\n\t\t\t\t<div class=\"elementor-element elementor-element-2ded8ff1 elementor-widget elementor-widget-heading\" data-id=\"2ded8ff1\" data-element_type=\"widget\" data-widget_type=\"heading.default\">\n\t\t\t\t<div class=\"elementor-widget-container\">\n\t\t\t\t\t<h3 class=\"elementor-heading-title elementor-size-default\">\nSp\u00e9cifications<\/h3>\t\t\t\t<\/div>\n\t\t\t\t<\/div>\n\t\t\t\t<\/div>\n\t\t\t\t<div class=\"elementor-element elementor-element-28429421 elementor-widget elementor-widget-image\" data-id=\"28429421\" data-element_type=\"widget\" data-widget_type=\"image.default\">\n\t\t\t\t<div class=\"elementor-widget-container\">\n\t\t\t\t\t\t\t\t\t\t\t\t\t\t\t<img fetchpriority=\"high\" decoding=\"async\" width=\"1242\" height=\"721\" src=\"https:\/\/www.plancuts.com\/wp-content\/uploads\/2025\/10\/bieeza-a.webp\" class=\"attachment-full size-full wp-image-2799\" alt=\"curviva\" srcset=\"https:\/\/www.plancuts.com\/wp-content\/uploads\/2025\/10\/bieeza-a.webp 1242w, https:\/\/www.plancuts.com\/wp-content\/uploads\/2025\/10\/bieeza-a-400x232.webp 400w, https:\/\/www.plancuts.com\/wp-content\/uploads\/2025\/10\/bieeza-a-768x446.webp 768w, https:\/\/www.plancuts.com\/wp-content\/uploads\/2025\/10\/bieeza-a-18x10.webp 18w, https:\/\/www.plancuts.com\/wp-content\/uploads\/2025\/10\/bieeza-a-800x464.webp 800w\" sizes=\"(max-width: 1242px) 100vw, 1242px\" title=\"brise\">\t\t\t\t\t\t\t\t\t\t\t\t\t\t\t<\/div>\n\t\t\t\t<\/div>\n\t\t\t\t<div class=\"elementor-element elementor-element-c6ca046 elementor-widget elementor-widget-image\" data-id=\"c6ca046\" data-element_type=\"widget\" data-widget_type=\"image.default\">\n\t\t\t\t<div class=\"elementor-widget-container\">\n\t\t\t\t\t\t\t\t\t\t\t\t\t\t\t<img decoding=\"async\" width=\"1242\" height=\"834\" src=\"https:\/\/www.plancuts.com\/wp-content\/uploads\/2025\/10\/bieeza-b.webp\" class=\"attachment-full size-full wp-image-2800\" alt=\"curviva\" srcset=\"https:\/\/www.plancuts.com\/wp-content\/uploads\/2025\/10\/bieeza-b.webp 1242w, https:\/\/www.plancuts.com\/wp-content\/uploads\/2025\/10\/bieeza-b-400x269.webp 400w, https:\/\/www.plancuts.com\/wp-content\/uploads\/2025\/10\/bieeza-b-768x516.webp 768w, https:\/\/www.plancuts.com\/wp-content\/uploads\/2025\/10\/bieeza-b-18x12.webp 18w, https:\/\/www.plancuts.com\/wp-content\/uploads\/2025\/10\/bieeza-b-800x537.webp 800w\" sizes=\"(max-width: 1242px) 100vw, 1242px\" title=\"brise\">\t\t\t\t\t\t\t\t\t\t\t\t\t\t\t<\/div>\n\t\t\t\t<\/div>\n\t\t\t\t<div class=\"elementor-element elementor-element-4bc58055 elementor-widget-divider--view-line elementor-widget elementor-widget-divider\" data-id=\"4bc58055\" data-element_type=\"widget\" data-widget_type=\"divider.default\">\n\t\t\t\t<div class=\"elementor-widget-container\">\n\t\t\t\t\t\t\t<div class=\"elementor-divider\">\n\t\t\t<span class=\"elementor-divider-separator\">\n\t\t\t\t\t\t<\/span>\n\t\t<\/div>\n\t\t\t\t\t\t<\/div>\n\t\t\t\t<\/div>\n\t\t\t\t\t<\/div>\n\t\t\t\t<\/div>\n\t\t<div class=\"elementor-element elementor-element-1f117fb3 e-flex e-con-boxed e-con e-parent\" data-id=\"1f117fb3\" data-element_type=\"container\">\n\t\t\t\t\t<div class=\"e-con-inner\">\n\t\t\t\t<div class=\"elementor-element elementor-element-599c0b01 elementor-widget elementor-widget-heading\" data-id=\"599c0b01\" data-element_type=\"widget\" data-widget_type=\"heading.default\">\n\t\t\t\t<div class=\"elementor-widget-container\">\n\t\t\t\t\t<h3 class=\"elementor-heading-title elementor-size-default\">Avant d'acheter<\/h3>\t\t\t\t<\/div>\n\t\t\t\t<\/div>\n\t\t\t\t\t<\/div>\n\t\t\t\t<\/div>\n\t\t<div class=\"elementor-element elementor-element-b853259 e-flex e-con-boxed e-con e-parent\" data-id=\"b853259\" data-element_type=\"container\">\n\t\t\t\t\t<div class=\"e-con-inner\">\n\t\t\t\t<div class=\"elementor-element elementor-element-7745d282 elementor-widget elementor-widget-text-editor\" data-id=\"7745d282\" data-element_type=\"widget\" data-widget_type=\"text-editor.default\">\n\t\t\t\t<div class=\"elementor-widget-container\">\n\t\t\t\t\t\t\t\t\t<p class=\"p1\">Veuillez noter que les fichiers num\u00e9riques que vous achetez sont r\u00e9serv\u00e9s \u00e0 un usage personnel et que vous n'\u00eates pas autoris\u00e9 \u00e0 les reproduire, \u00e0 les vendre ou \u00e0 les utiliser \u00e0 des fins commerciales.<\/p><p class=\"p1\">En raison de la nature reproductible des produits num\u00e9riques, nous n'acceptons pas les remboursements, sauf si les fichiers sont endommag\u00e9s ou inaccessibles.<\/p><p class=\"p1\">Si vous avez des questions concernant les fichiers, n'h\u00e9sitez pas \u00e0 nous contacter avant de passer votre commande.<\/p><p class=\"p1\">Si vous rencontrez des probl\u00e8mes lors de la production ou de l'interpr\u00e9tation des dessins, vous pouvez nous consulter gratuitement.<a style=\"font-size: 16px; background-color: #ffffff;\" href=\"mailto:service@plancuts.com\">service@plancuts.com<\/a><\/p><p class=\"p1\"><strong>Merci de votre compr\u00e9hension et de votre soutien.<\/strong><\/p>\t\t\t\t\t\t\t\t<\/div>\n\t\t\t\t<\/div>\n\t\t\t\t\t<\/div>\n\t\t\t\t<\/div>\n\t\t\t\t<\/div>","protected":false},"excerpt":{"rendered":"<p>Breeza \u2014 Fueled by a Tender Craving for Nurture and Lightness The name Breeza flows from a deep affection for the gentle, nurturing embrace of a bird\u2019s nest and the airy freedom of a breeze. This nest-like stool, with its woven, organic form and clever storage space beneath, captures the comforting warmth of a safe [&hellip;]<\/p>","protected":false},"featured_media":1328,"comment_status":"open","ping_status":"closed","template":"","meta":{"site-sidebar-layout":"no-sidebar","site-content-layout":"page-builder","ast-site-content-layout":"normal-width-container","site-content-style":"boxed","site-sidebar-style":"default","ast-global-header-display":"","ast-banner-title-visibility":"","ast-main-header-display":"","ast-hfb-above-header-display":"","ast-hfb-below-header-display":"","ast-hfb-mobile-header-display":"","site-post-title":"","ast-breadcrumbs-content":"","ast-featured-img":"disabled","footer-sml-layout":"","theme-transparent-header-meta":"default","adv-header-id-meta":"","stick-header-meta":"","header-above-stick-meta":"","header-main-stick-meta":"","header-below-stick-meta":"","astra-migrate-meta-layouts":"set","ast-page-background-enabled":"default","ast-page-background-meta":{"desktop":{"background-color":"var(--ast-global-color-4)","background-image":"","background-repeat":"repeat","background-position":"center center","background-size":"auto","background-attachment":"scroll","background-type":"","background-media":"","overlay-type":"","overlay-color":"","overlay-opacity":"","overlay-gradient":""},"tablet":{"background-color":"","background-image":"","background-repeat":"repeat","background-position":"center center","background-size":"auto","background-attachment":"scroll","background-type":"","background-media":"","overlay-type":"","overlay-color":"","overlay-opacity":"","overlay-gradient":""},"mobile":{"background-color":"","background-image":"","background-repeat":"repeat","background-position":"center center","background-size":"auto","background-attachment":"scroll","background-type":"","background-media":"","overlay-type":"","overlay-color":"","overlay-opacity":"","overlay-gradient":""}},"ast-content-background-meta":{"desktop":{"background-color":"var(--ast-global-color-5)","background-image":"","background-repeat":"repeat","background-position":"center center","background-size":"auto","background-attachment":"scroll","background-type":"","background-media":"","overlay-type":"","overlay-color":"","overlay-opacity":"","overlay-gradient":""},"tablet":{"background-color":"var(--ast-global-color-5)","background-image":"","background-repeat":"repeat","background-position":"center center","background-size":"auto","background-attachment":"scroll","background-type":"","background-media":"","overlay-type":"","overlay-color":"","overlay-opacity":"","overlay-gradient":""},"mobile":{"background-color":"var(--ast-global-color-5)","background-image":"","background-repeat":"repeat","background-position":"center center","background-size":"auto","background-attachment":"scroll","background-type":"","background-media":"","overlay-type":"","overlay-color":"","overlay-opacity":"","overlay-gradient":""}}},"product_brand":[],"product_cat":[34],"product_tag":[],"class_list":{"0":"post-1144","1":"product","2":"type-product","3":"status-publish","4":"has-post-thumbnail","6":"product_cat-other","7":"desktop-align-center","8":"tablet-align-left","9":"mobile-align-left","11":"first","12":"outofstock","13":"shipping-taxable","14":"purchasable","15":"product-type-simple"},"jetpack_sharing_enabled":true,"_links":{"self":[{"href":"https:\/\/www.plancuts.com\/fr\/wp-json\/wp\/v2\/product\/1144","targetHints":{"allow":["GET"]}}],"collection":[{"href":"https:\/\/www.plancuts.com\/fr\/wp-json\/wp\/v2\/product"}],"about":[{"href":"https:\/\/www.plancuts.com\/fr\/wp-json\/wp\/v2\/types\/product"}],"replies":[{"embeddable":true,"href":"https:\/\/www.plancuts.com\/fr\/wp-json\/wp\/v2\/comments?post=1144"}],"version-history":[{"count":8,"href":"https:\/\/www.plancuts.com\/fr\/wp-json\/wp\/v2\/product\/1144\/revisions"}],"predecessor-version":[{"id":2948,"href":"https:\/\/www.plancuts.com\/fr\/wp-json\/wp\/v2\/product\/1144\/revisions\/2948"}],"wp:featuredmedia":[{"embeddable":true,"href":"https:\/\/www.plancuts.com\/fr\/wp-json\/wp\/v2\/media\/1328"}],"wp:attachment":[{"href":"https:\/\/www.plancuts.com\/fr\/wp-json\/wp\/v2\/media?parent=1144"}],"wp:term":[{"taxonomy":"product_brand","embeddable":true,"href":"https:\/\/www.plancuts.com\/fr\/wp-json\/wp\/v2\/product_brand?post=1144"},{"taxonomy":"product_cat","embeddable":true,"href":"https:\/\/www.plancuts.com\/fr\/wp-json\/wp\/v2\/product_cat?post=1144"},{"taxonomy":"product_tag","embeddable":true,"href":"https:\/\/www.plancuts.com\/fr\/wp-json\/wp\/v2\/product_tag?post=1144"}],"curies":[{"name":"wp","href":"https:\/\/api.w.org\/{rel}","templated":true}]}}