{"id":2199,"date":"2025-10-13T02:40:39","date_gmt":"2025-10-13T07:40:39","guid":{"rendered":"https:\/\/www.plancuts.com\/?post_type=product&#038;p=2199"},"modified":"2025-11-12T05:38:57","modified_gmt":"2025-11-12T11:38:57","slug":"morigrid-a","status":"publish","type":"product","link":"https:\/\/www.plancuts.com\/fr\/produit\/morigrid-a\/","title":{"rendered":"MoriGrid-a"},"content":{"rendered":"<div data-elementor-type=\"product-post\" data-elementor-id=\"2199\" class=\"elementor elementor-2199\" data-elementor-post-type=\"product\">\n\t\t\t\t<div class=\"elementor-element elementor-element-4a8c22b9 e-flex e-con-boxed e-con e-parent\" data-id=\"4a8c22b9\" data-element_type=\"container\">\n\t\t\t\t\t<div class=\"e-con-inner\">\n\t\t\t\t<div class=\"elementor-element elementor-element-14166752 elementor-widget elementor-widget-heading\" data-id=\"14166752\" data-element_type=\"widget\" data-widget_type=\"heading.default\">\n\t\t\t\t<div class=\"elementor-widget-container\">\n\t\t\t\t\t<h3 class=\"elementor-heading-title elementor-size-default\">MoriGrid -a - Une s\u00e9rie modulaire<\/h3>\t\t\t\t<\/div>\n\t\t\t\t<\/div>\n\t\t\t\t\t<\/div>\n\t\t\t\t<\/div>\n\t\t<div class=\"elementor-element elementor-element-7b47dad3 e-flex e-con-boxed e-con e-parent\" data-id=\"7b47dad3\" data-element_type=\"container\">\n\t\t\t\t\t<div class=\"e-con-inner\">\n\t\t\t\t<div class=\"elementor-element elementor-element-4410d172 elementor-widget elementor-widget-text-editor\" data-id=\"4410d172\" data-element_type=\"widget\" data-widget_type=\"text-editor.default\">\n\t\t\t\t<div class=\"elementor-widget-container\">\n\t\t\t\t\t\t\t\t\t<p class=\"p1\">MoriGrid est une s\u00e9rie modulaire polyvalente con\u00e7ue pour offrir des possibilit\u00e9s infinies. Chaque module se connecte \u00e0 l'aide de vis, ce qui vous permet de les combiner pour cr\u00e9er pratiquement n'importe quelle fonction, qu'il s'agisse d'une table, d'un tabouret ou d'une armoire. Il peut servir d'\u00e9tag\u00e8re, de mur d'accent ou m\u00eame de solution de rangement personnalis\u00e9e. La s\u00e9rie est en constante \u00e9volution, avec de nouveaux modules cr\u00e9atifs ajout\u00e9s en permanence pour \u00e9largir vos possibilit\u00e9s de conception. MoriGrid vous permet de construire, d'adapter et de r\u00e9imaginer votre espace avec simplicit\u00e9 et flexibilit\u00e9.<\/p>\t\t\t\t\t\t\t\t<\/div>\n\t\t\t\t<\/div>\n\t\t\t\t<div class=\"elementor-element elementor-element-cfacac6 elementor-widget-divider--view-line elementor-widget elementor-widget-divider\" data-id=\"cfacac6\" data-element_type=\"widget\" data-widget_type=\"divider.default\">\n\t\t\t\t<div class=\"elementor-widget-container\">\n\t\t\t\t\t\t\t<div class=\"elementor-divider\">\n\t\t\t<span class=\"elementor-divider-separator\">\n\t\t\t\t\t\t<\/span>\n\t\t<\/div>\n\t\t\t\t\t\t<\/div>\n\t\t\t\t<\/div>\n\t\t\t\t\t<\/div>\n\t\t\t\t<\/div>\n\t\t<div class=\"elementor-element elementor-element-2c4cbba3 e-flex e-con-boxed e-con e-parent\" data-id=\"2c4cbba3\" data-element_type=\"container\">\n\t\t\t\t\t<div class=\"e-con-inner\">\n\t\t<div class=\"elementor-element elementor-element-62b699b0 e-con-full e-flex e-con e-child\" data-id=\"62b699b0\" data-element_type=\"container\">\n\t\t\t\t<div class=\"elementor-element elementor-element-338ade1d elementor-widget elementor-widget-heading\" data-id=\"338ade1d\" data-element_type=\"widget\" data-widget_type=\"heading.default\">\n\t\t\t\t<div class=\"elementor-widget-container\">\n\t\t\t\t\t<h3 class=\"elementor-heading-title elementor-size-default\">\nSp\u00e9cifications<\/h3>\t\t\t\t<\/div>\n\t\t\t\t<\/div>\n\t\t\t\t<\/div>\n\t\t\t\t<div class=\"elementor-element elementor-element-5936afdb elementor-widget elementor-widget-image\" data-id=\"5936afdb\" data-element_type=\"widget\" data-widget_type=\"image.default\">\n\t\t\t\t<div class=\"elementor-widget-container\">\n\t\t\t\t\t\t\t\t\t\t\t\t\t\t\t<img fetchpriority=\"high\" decoding=\"async\" width=\"1242\" height=\"721\" src=\"https:\/\/www.plancuts.com\/wp-content\/uploads\/2025\/10\/morigrid-a-a.webp\" class=\"attachment-full size-full wp-image-2827\" alt=\"curviva\" srcset=\"https:\/\/www.plancuts.com\/wp-content\/uploads\/2025\/10\/morigrid-a-a.webp 1242w, https:\/\/www.plancuts.com\/wp-content\/uploads\/2025\/10\/morigrid-a-a-400x232.webp 400w, https:\/\/www.plancuts.com\/wp-content\/uploads\/2025\/10\/morigrid-a-a-768x446.webp 768w, https:\/\/www.plancuts.com\/wp-content\/uploads\/2025\/10\/morigrid-a-a-18x10.webp 18w, https:\/\/www.plancuts.com\/wp-content\/uploads\/2025\/10\/morigrid-a-a-800x464.webp 800w\" sizes=\"(max-width: 1242px) 100vw, 1242px\" title=\"MoriGrid-a\">\t\t\t\t\t\t\t\t\t\t\t\t\t\t\t<\/div>\n\t\t\t\t<\/div>\n\t\t\t\t<div class=\"elementor-element elementor-element-22cd472 elementor-widget elementor-widget-image\" data-id=\"22cd472\" data-element_type=\"widget\" data-widget_type=\"image.default\">\n\t\t\t\t<div class=\"elementor-widget-container\">\n\t\t\t\t\t\t\t\t\t\t\t\t\t\t\t<img decoding=\"async\" width=\"1242\" height=\"834\" src=\"https:\/\/www.plancuts.com\/wp-content\/uploads\/2025\/10\/morigrid-b.webp\" class=\"attachment-full size-full wp-image-2828\" alt=\"curviva\" srcset=\"https:\/\/www.plancuts.com\/wp-content\/uploads\/2025\/10\/morigrid-b.webp 1242w, https:\/\/www.plancuts.com\/wp-content\/uploads\/2025\/10\/morigrid-b-400x269.webp 400w, https:\/\/www.plancuts.com\/wp-content\/uploads\/2025\/10\/morigrid-b-768x516.webp 768w, https:\/\/www.plancuts.com\/wp-content\/uploads\/2025\/10\/morigrid-b-18x12.webp 18w, https:\/\/www.plancuts.com\/wp-content\/uploads\/2025\/10\/morigrid-b-800x537.webp 800w\" sizes=\"(max-width: 1242px) 100vw, 1242px\" title=\"MoriGrid-a\">\t\t\t\t\t\t\t\t\t\t\t\t\t\t\t<\/div>\n\t\t\t\t<\/div>\n\t\t\t\t<div class=\"elementor-element elementor-element-3cb96041 elementor-widget-divider--view-line elementor-widget elementor-widget-divider\" data-id=\"3cb96041\" data-element_type=\"widget\" data-widget_type=\"divider.default\">\n\t\t\t\t<div class=\"elementor-widget-container\">\n\t\t\t\t\t\t\t<div class=\"elementor-divider\">\n\t\t\t<span class=\"elementor-divider-separator\">\n\t\t\t\t\t\t<\/span>\n\t\t<\/div>\n\t\t\t\t\t\t<\/div>\n\t\t\t\t<\/div>\n\t\t\t\t\t<\/div>\n\t\t\t\t<\/div>\n\t\t<div class=\"elementor-element elementor-element-17e78024 e-flex e-con-boxed e-con e-parent\" data-id=\"17e78024\" data-element_type=\"container\">\n\t\t\t\t\t<div class=\"e-con-inner\">\n\t\t\t\t<div class=\"elementor-element elementor-element-1ee6d85e elementor-widget elementor-widget-heading\" data-id=\"1ee6d85e\" data-element_type=\"widget\" data-widget_type=\"heading.default\">\n\t\t\t\t<div class=\"elementor-widget-container\">\n\t\t\t\t\t<h3 class=\"elementor-heading-title elementor-size-default\">Avant d'acheter<\/h3>\t\t\t\t<\/div>\n\t\t\t\t<\/div>\n\t\t\t\t\t<\/div>\n\t\t\t\t<\/div>\n\t\t<div class=\"elementor-element elementor-element-9881594 e-flex e-con-boxed e-con e-parent\" data-id=\"9881594\" data-element_type=\"container\">\n\t\t\t\t\t<div class=\"e-con-inner\">\n\t\t\t\t<div class=\"elementor-element elementor-element-6d6780fc elementor-widget elementor-widget-text-editor\" data-id=\"6d6780fc\" data-element_type=\"widget\" data-widget_type=\"text-editor.default\">\n\t\t\t\t<div class=\"elementor-widget-container\">\n\t\t\t\t\t\t\t\t\t<p class=\"p1\">Veuillez noter que les fichiers num\u00e9riques que vous achetez sont r\u00e9serv\u00e9s \u00e0 un usage personnel et que vous n'\u00eates pas autoris\u00e9 \u00e0 les reproduire, \u00e0 les vendre ou \u00e0 les utiliser \u00e0 des fins commerciales.<\/p><p class=\"p1\">En raison de la nature reproductible des produits num\u00e9riques, nous n'acceptons pas les remboursements, sauf si les fichiers sont endommag\u00e9s ou inaccessibles.<\/p><p class=\"p1\">Si vous avez des questions concernant les fichiers, n'h\u00e9sitez pas \u00e0 nous contacter avant de passer votre commande.<\/p><p class=\"p1\">Si vous rencontrez des probl\u00e8mes lors de la production ou de l'interpr\u00e9tation des dessins, vous pouvez nous consulter gratuitement.<a style=\"font-size: 16px; background-color: #ffffff;\" href=\"mailto:service@plancuts.com\">service@plancuts.com<\/a><\/p><p class=\"p1\"><strong>Merci de votre compr\u00e9hension et de votre soutien.<\/strong><\/p>\t\t\t\t\t\t\t\t<\/div>\n\t\t\t\t<\/div>\n\t\t\t\t\t<\/div>\n\t\t\t\t<\/div>\n\t\t\t\t<\/div>","protected":false},"excerpt":{"rendered":"<p>MoriGrid -a \u2014 A Modular Series MoriGrid is a versatile modular series designed for endless possibilities. Each module connects with screws, allowing you to combine them into virtually any function \u2014 whether a table, a stool, or a cabinet. It can serve as a bookshelf, a feature wall, or even a custom storage solution. The [&hellip;]<\/p>","protected":false},"featured_media":2200,"comment_status":"open","ping_status":"closed","template":"","meta":{"site-sidebar-layout":"no-sidebar","site-content-layout":"page-builder","ast-site-content-layout":"normal-width-container","site-content-style":"boxed","site-sidebar-style":"default","ast-global-header-display":"","ast-banner-title-visibility":"","ast-main-header-display":"","ast-hfb-above-header-display":"","ast-hfb-below-header-display":"","ast-hfb-mobile-header-display":"","site-post-title":"","ast-breadcrumbs-content":"","ast-featured-img":"disabled","footer-sml-layout":"","theme-transparent-header-meta":"default","adv-header-id-meta":"","stick-header-meta":"","header-above-stick-meta":"","header-main-stick-meta":"","header-below-stick-meta":"","astra-migrate-meta-layouts":"set","ast-page-background-enabled":"default","ast-page-background-meta":{"desktop":{"background-color":"var(--ast-global-color-4)","background-image":"","background-repeat":"repeat","background-position":"center center","background-size":"auto","background-attachment":"scroll","background-type":"","background-media":"","overlay-type":"","overlay-color":"","overlay-opacity":"","overlay-gradient":""},"tablet":{"background-color":"","background-image":"","background-repeat":"repeat","background-position":"center center","background-size":"auto","background-attachment":"scroll","background-type":"","background-media":"","overlay-type":"","overlay-color":"","overlay-opacity":"","overlay-gradient":""},"mobile":{"background-color":"","background-image":"","background-repeat":"repeat","background-position":"center center","background-size":"auto","background-attachment":"scroll","background-type":"","background-media":"","overlay-type":"","overlay-color":"","overlay-opacity":"","overlay-gradient":""}},"ast-content-background-meta":{"desktop":{"background-color":"var(--ast-global-color-5)","background-image":"","background-repeat":"repeat","background-position":"center center","background-size":"auto","background-attachment":"scroll","background-type":"","background-media":"","overlay-type":"","overlay-color":"","overlay-opacity":"","overlay-gradient":""},"tablet":{"background-color":"var(--ast-global-color-5)","background-image":"","background-repeat":"repeat","background-position":"center center","background-size":"auto","background-attachment":"scroll","background-type":"","background-media":"","overlay-type":"","overlay-color":"","overlay-opacity":"","overlay-gradient":""},"mobile":{"background-color":"var(--ast-global-color-5)","background-image":"","background-repeat":"repeat","background-position":"center center","background-size":"auto","background-attachment":"scroll","background-type":"","background-media":"","overlay-type":"","overlay-color":"","overlay-opacity":"","overlay-gradient":""}}},"product_brand":[],"product_cat":[28],"product_tag":[],"class_list":{"0":"post-2199","1":"product","2":"type-product","3":"status-publish","4":"has-post-thumbnail","6":"product_cat-cupboard","7":"desktop-align-center","8":"tablet-align-left","9":"mobile-align-left","11":"first","12":"outofstock","13":"shipping-taxable","14":"purchasable","15":"product-type-simple"},"jetpack_sharing_enabled":true,"_links":{"self":[{"href":"https:\/\/www.plancuts.com\/fr\/wp-json\/wp\/v2\/product\/2199","targetHints":{"allow":["GET"]}}],"collection":[{"href":"https:\/\/www.plancuts.com\/fr\/wp-json\/wp\/v2\/product"}],"about":[{"href":"https:\/\/www.plancuts.com\/fr\/wp-json\/wp\/v2\/types\/product"}],"replies":[{"embeddable":true,"href":"https:\/\/www.plancuts.com\/fr\/wp-json\/wp\/v2\/comments?post=2199"}],"version-history":[{"count":12,"href":"https:\/\/www.plancuts.com\/fr\/wp-json\/wp\/v2\/product\/2199\/revisions"}],"predecessor-version":[{"id":2913,"href":"https:\/\/www.plancuts.com\/fr\/wp-json\/wp\/v2\/product\/2199\/revisions\/2913"}],"wp:featuredmedia":[{"embeddable":true,"href":"https:\/\/www.plancuts.com\/fr\/wp-json\/wp\/v2\/media\/2200"}],"wp:attachment":[{"href":"https:\/\/www.plancuts.com\/fr\/wp-json\/wp\/v2\/media?parent=2199"}],"wp:term":[{"taxonomy":"product_brand","embeddable":true,"href":"https:\/\/www.plancuts.com\/fr\/wp-json\/wp\/v2\/product_brand?post=2199"},{"taxonomy":"product_cat","embeddable":true,"href":"https:\/\/www.plancuts.com\/fr\/wp-json\/wp\/v2\/product_cat?post=2199"},{"taxonomy":"product_tag","embeddable":true,"href":"https:\/\/www.plancuts.com\/fr\/wp-json\/wp\/v2\/product_tag?post=2199"}],"curies":[{"name":"wp","href":"https:\/\/api.w.org\/{rel}","templated":true}]}}