{"id":2478,"date":"2025-10-15T03:24:44","date_gmt":"2025-10-15T08:24:44","guid":{"rendered":"https:\/\/www.plancuts.com\/?post_type=product&#038;p=2478"},"modified":"2025-11-12T06:23:27","modified_gmt":"2025-11-12T12:23:27","slug":"evara","status":"publish","type":"product","link":"https:\/\/www.plancuts.com\/fr\/produit\/evara\/","title":{"rendered":"Evara"},"content":{"rendered":"<div data-elementor-type=\"product-post\" data-elementor-id=\"2478\" class=\"elementor elementor-2478\" data-elementor-post-type=\"product\">\n\t\t\t\t<div class=\"elementor-element elementor-element-60639087 e-flex e-con-boxed e-con e-parent\" data-id=\"60639087\" data-element_type=\"container\">\n\t\t\t\t\t<div class=\"e-con-inner\">\n\t\t\t\t<div class=\"elementor-element elementor-element-40a3d876 elementor-widget elementor-widget-heading\" data-id=\"40a3d876\" data-element_type=\"widget\" data-widget_type=\"heading.default\">\n\t\t\t\t<div class=\"elementor-widget-container\">\n\t\t\t\t\t<h3 class=\"elementor-heading-title elementor-size-default\">Evara - Un nid<\/h3>\t\t\t\t<\/div>\n\t\t\t\t<\/div>\n\t\t\t\t\t<\/div>\n\t\t\t\t<\/div>\n\t\t<div class=\"elementor-element elementor-element-2e2fa995 e-flex e-con-boxed e-con e-parent\" data-id=\"2e2fa995\" data-element_type=\"container\">\n\t\t\t\t\t<div class=\"e-con-inner\">\n\t\t\t\t<div class=\"elementor-element elementor-element-6f958674 elementor-widget elementor-widget-text-editor\" data-id=\"6f958674\" data-element_type=\"widget\" data-widget_type=\"text-editor.default\">\n\t\t\t\t<div class=\"elementor-widget-container\">\n\t\t\t\t\t\t\t\t\t<p class=\"p1\">Evara s'inspire de la beaut\u00e9 tranquille d'un nid d'oiseau, un petit espace qui invite \u00e0 la pause et \u00e0 la r\u00e9flexion. Son design \u00e9voque la protection subtile et l'enfermement doux, cr\u00e9ant un coin contemplatif dans n'importe quelle maison. Le nom Evara \u00e9voque le calme et l'\u00e9l\u00e9gance discr\u00e8te, transformant les espaces quotidiens en moments de s\u00e9r\u00e9nit\u00e9 et de design r\u00e9fl\u00e9chi.<\/p>\t\t\t\t\t\t\t\t<\/div>\n\t\t\t\t<\/div>\n\t\t\t\t<div class=\"elementor-element elementor-element-145f46d3 elementor-widget-divider--view-line elementor-widget elementor-widget-divider\" data-id=\"145f46d3\" data-element_type=\"widget\" data-widget_type=\"divider.default\">\n\t\t\t\t<div class=\"elementor-widget-container\">\n\t\t\t\t\t\t\t<div class=\"elementor-divider\">\n\t\t\t<span class=\"elementor-divider-separator\">\n\t\t\t\t\t\t<\/span>\n\t\t<\/div>\n\t\t\t\t\t\t<\/div>\n\t\t\t\t<\/div>\n\t\t\t\t\t<\/div>\n\t\t\t\t<\/div>\n\t\t<div class=\"elementor-element elementor-element-518c9556 e-flex e-con-boxed e-con e-parent\" data-id=\"518c9556\" data-element_type=\"container\">\n\t\t\t\t\t<div class=\"e-con-inner\">\n\t\t<div class=\"elementor-element elementor-element-11347472 e-con-full e-flex e-con e-child\" data-id=\"11347472\" data-element_type=\"container\">\n\t\t\t\t<div class=\"elementor-element elementor-element-413c08c9 elementor-widget elementor-widget-heading\" data-id=\"413c08c9\" data-element_type=\"widget\" data-widget_type=\"heading.default\">\n\t\t\t\t<div class=\"elementor-widget-container\">\n\t\t\t\t\t<h3 class=\"elementor-heading-title elementor-size-default\">\nSp\u00e9cifications<\/h3>\t\t\t\t<\/div>\n\t\t\t\t<\/div>\n\t\t\t\t<\/div>\n\t\t\t\t<div class=\"elementor-element elementor-element-30d1db96 elementor-widget elementor-widget-image\" data-id=\"30d1db96\" data-element_type=\"widget\" data-widget_type=\"image.default\">\n\t\t\t\t<div class=\"elementor-widget-container\">\n\t\t\t\t\t\t\t\t\t\t\t\t\t\t\t<img fetchpriority=\"high\" decoding=\"async\" width=\"1242\" height=\"721\" src=\"https:\/\/www.plancuts.com\/wp-content\/uploads\/2025\/10\/evara-a.webp\" class=\"attachment-full size-full wp-image-2815\" alt=\"curviva\" srcset=\"https:\/\/www.plancuts.com\/wp-content\/uploads\/2025\/10\/evara-a.webp 1242w, https:\/\/www.plancuts.com\/wp-content\/uploads\/2025\/10\/evara-a-400x232.webp 400w, https:\/\/www.plancuts.com\/wp-content\/uploads\/2025\/10\/evara-a-768x446.webp 768w, https:\/\/www.plancuts.com\/wp-content\/uploads\/2025\/10\/evara-a-18x10.webp 18w, https:\/\/www.plancuts.com\/wp-content\/uploads\/2025\/10\/evara-a-800x464.webp 800w\" sizes=\"(max-width: 1242px) 100vw, 1242px\" title=\"Evara\">\t\t\t\t\t\t\t\t\t\t\t\t\t\t\t<\/div>\n\t\t\t\t<\/div>\n\t\t\t\t<div class=\"elementor-element elementor-element-41ee0fe elementor-widget elementor-widget-image\" data-id=\"41ee0fe\" data-element_type=\"widget\" data-widget_type=\"image.default\">\n\t\t\t\t<div class=\"elementor-widget-container\">\n\t\t\t\t\t\t\t\t\t\t\t\t\t\t\t<img decoding=\"async\" width=\"1239\" height=\"834\" src=\"https:\/\/www.plancuts.com\/wp-content\/uploads\/2025\/10\/evara-b.webp\" class=\"attachment-full size-full wp-image-2816\" alt=\"curviva\" srcset=\"https:\/\/www.plancuts.com\/wp-content\/uploads\/2025\/10\/evara-b.webp 1239w, https:\/\/www.plancuts.com\/wp-content\/uploads\/2025\/10\/evara-b-400x269.webp 400w, https:\/\/www.plancuts.com\/wp-content\/uploads\/2025\/10\/evara-b-768x517.webp 768w, https:\/\/www.plancuts.com\/wp-content\/uploads\/2025\/10\/evara-b-18x12.webp 18w, https:\/\/www.plancuts.com\/wp-content\/uploads\/2025\/10\/evara-b-800x538.webp 800w\" sizes=\"(max-width: 1239px) 100vw, 1239px\" title=\"Evara\">\t\t\t\t\t\t\t\t\t\t\t\t\t\t\t<\/div>\n\t\t\t\t<\/div>\n\t\t\t\t<div class=\"elementor-element elementor-element-6485f7a5 elementor-widget-divider--view-line elementor-widget elementor-widget-divider\" data-id=\"6485f7a5\" data-element_type=\"widget\" data-widget_type=\"divider.default\">\n\t\t\t\t<div class=\"elementor-widget-container\">\n\t\t\t\t\t\t\t<div class=\"elementor-divider\">\n\t\t\t<span class=\"elementor-divider-separator\">\n\t\t\t\t\t\t<\/span>\n\t\t<\/div>\n\t\t\t\t\t\t<\/div>\n\t\t\t\t<\/div>\n\t\t\t\t\t<\/div>\n\t\t\t\t<\/div>\n\t\t<div class=\"elementor-element elementor-element-2ad23e30 e-flex e-con-boxed e-con e-parent\" data-id=\"2ad23e30\" data-element_type=\"container\">\n\t\t\t\t\t<div class=\"e-con-inner\">\n\t\t\t\t<div class=\"elementor-element elementor-element-17fca132 elementor-widget elementor-widget-heading\" data-id=\"17fca132\" data-element_type=\"widget\" data-widget_type=\"heading.default\">\n\t\t\t\t<div class=\"elementor-widget-container\">\n\t\t\t\t\t<h3 class=\"elementor-heading-title elementor-size-default\">Avant d'acheter<\/h3>\t\t\t\t<\/div>\n\t\t\t\t<\/div>\n\t\t\t\t\t<\/div>\n\t\t\t\t<\/div>\n\t\t<div class=\"elementor-element elementor-element-30e0a33f e-flex e-con-boxed e-con e-parent\" data-id=\"30e0a33f\" data-element_type=\"container\">\n\t\t\t\t\t<div class=\"e-con-inner\">\n\t\t\t\t<div class=\"elementor-element elementor-element-67ee3796 elementor-widget elementor-widget-text-editor\" data-id=\"67ee3796\" data-element_type=\"widget\" data-widget_type=\"text-editor.default\">\n\t\t\t\t<div class=\"elementor-widget-container\">\n\t\t\t\t\t\t\t\t\t<p class=\"p1\">Veuillez noter que les fichiers num\u00e9riques que vous achetez sont r\u00e9serv\u00e9s \u00e0 un usage personnel et que vous n'\u00eates pas autoris\u00e9 \u00e0 les reproduire, \u00e0 les vendre ou \u00e0 les utiliser \u00e0 des fins commerciales.<\/p><p class=\"p1\">En raison de la nature reproductible des produits num\u00e9riques, nous n'acceptons pas les remboursements, sauf si les fichiers sont endommag\u00e9s ou inaccessibles.<\/p><p class=\"p1\">Si vous avez des questions concernant les fichiers, n'h\u00e9sitez pas \u00e0 nous contacter avant de passer votre commande.<\/p><p class=\"p1\">Si vous rencontrez des probl\u00e8mes lors de la production ou de l'interpr\u00e9tation des dessins, vous pouvez nous consulter gratuitement.<a style=\"font-size: 16px; background-color: #ffffff;\" href=\"mailto:service@plancuts.com\">service@plancuts.com<\/a><\/p><p class=\"p1\"><strong>Merci de votre compr\u00e9hension et de votre soutien.<\/strong><\/p>\t\t\t\t\t\t\t\t<\/div>\n\t\t\t\t<\/div>\n\t\t\t\t\t<\/div>\n\t\t\t\t<\/div>\n\t\t\t\t<\/div>","protected":false},"excerpt":{"rendered":"<p>Evara \u2014 A Nest Evara is inspired by the quiet beauty of a bird\u2019s nest, a small space that invites pause and reflection. Its design evokes subtle protection and gentle enclosure, creating a contemplative corner in any home. The name Evara carries a sense of calm and understated elegance, turning everyday spaces into moments of [&hellip;]<\/p>","protected":false},"featured_media":2489,"comment_status":"open","ping_status":"closed","template":"","meta":{"site-sidebar-layout":"no-sidebar","site-content-layout":"page-builder","ast-site-content-layout":"normal-width-container","site-content-style":"boxed","site-sidebar-style":"default","ast-global-header-display":"","ast-banner-title-visibility":"","ast-main-header-display":"","ast-hfb-above-header-display":"","ast-hfb-below-header-display":"","ast-hfb-mobile-header-display":"","site-post-title":"","ast-breadcrumbs-content":"","ast-featured-img":"disabled","footer-sml-layout":"","theme-transparent-header-meta":"default","adv-header-id-meta":"","stick-header-meta":"","header-above-stick-meta":"","header-main-stick-meta":"","header-below-stick-meta":"","astra-migrate-meta-layouts":"set","ast-page-background-enabled":"default","ast-page-background-meta":{"desktop":{"background-color":"var(--ast-global-color-4)","background-image":"","background-repeat":"repeat","background-position":"center center","background-size":"auto","background-attachment":"scroll","background-type":"","background-media":"","overlay-type":"","overlay-color":"","overlay-opacity":"","overlay-gradient":""},"tablet":{"background-color":"","background-image":"","background-repeat":"repeat","background-position":"center center","background-size":"auto","background-attachment":"scroll","background-type":"","background-media":"","overlay-type":"","overlay-color":"","overlay-opacity":"","overlay-gradient":""},"mobile":{"background-color":"","background-image":"","background-repeat":"repeat","background-position":"center center","background-size":"auto","background-attachment":"scroll","background-type":"","background-media":"","overlay-type":"","overlay-color":"","overlay-opacity":"","overlay-gradient":""}},"ast-content-background-meta":{"desktop":{"background-color":"var(--ast-global-color-5)","background-image":"","background-repeat":"repeat","background-position":"center center","background-size":"auto","background-attachment":"scroll","background-type":"","background-media":"","overlay-type":"","overlay-color":"","overlay-opacity":"","overlay-gradient":""},"tablet":{"background-color":"var(--ast-global-color-5)","background-image":"","background-repeat":"repeat","background-position":"center center","background-size":"auto","background-attachment":"scroll","background-type":"","background-media":"","overlay-type":"","overlay-color":"","overlay-opacity":"","overlay-gradient":""},"mobile":{"background-color":"var(--ast-global-color-5)","background-image":"","background-repeat":"repeat","background-position":"center center","background-size":"auto","background-attachment":"scroll","background-type":"","background-media":"","overlay-type":"","overlay-color":"","overlay-opacity":"","overlay-gradient":""}}},"product_brand":[],"product_cat":[34],"product_tag":[],"class_list":{"0":"post-2478","1":"product","2":"type-product","3":"status-publish","4":"has-post-thumbnail","6":"product_cat-other","7":"desktop-align-center","8":"tablet-align-left","9":"mobile-align-left","11":"first","12":"outofstock","13":"virtual","14":"purchasable","15":"product-type-simple"},"jetpack_sharing_enabled":true,"_links":{"self":[{"href":"https:\/\/www.plancuts.com\/fr\/wp-json\/wp\/v2\/product\/2478","targetHints":{"allow":["GET"]}}],"collection":[{"href":"https:\/\/www.plancuts.com\/fr\/wp-json\/wp\/v2\/product"}],"about":[{"href":"https:\/\/www.plancuts.com\/fr\/wp-json\/wp\/v2\/types\/product"}],"replies":[{"embeddable":true,"href":"https:\/\/www.plancuts.com\/fr\/wp-json\/wp\/v2\/comments?post=2478"}],"version-history":[{"count":11,"href":"https:\/\/www.plancuts.com\/fr\/wp-json\/wp\/v2\/product\/2478\/revisions"}],"predecessor-version":[{"id":2869,"href":"https:\/\/www.plancuts.com\/fr\/wp-json\/wp\/v2\/product\/2478\/revisions\/2869"}],"wp:featuredmedia":[{"embeddable":true,"href":"https:\/\/www.plancuts.com\/fr\/wp-json\/wp\/v2\/media\/2489"}],"wp:attachment":[{"href":"https:\/\/www.plancuts.com\/fr\/wp-json\/wp\/v2\/media?parent=2478"}],"wp:term":[{"taxonomy":"product_brand","embeddable":true,"href":"https:\/\/www.plancuts.com\/fr\/wp-json\/wp\/v2\/product_brand?post=2478"},{"taxonomy":"product_cat","embeddable":true,"href":"https:\/\/www.plancuts.com\/fr\/wp-json\/wp\/v2\/product_cat?post=2478"},{"taxonomy":"product_tag","embeddable":true,"href":"https:\/\/www.plancuts.com\/fr\/wp-json\/wp\/v2\/product_tag?post=2478"}],"curies":[{"name":"wp","href":"https:\/\/api.w.org\/{rel}","templated":true}]}}