{"id":2986,"date":"2025-11-03T20:42:31","date_gmt":"2025-11-04T02:42:31","guid":{"rendered":"https:\/\/www.plancuts.com\/?post_type=product&#038;p=2986"},"modified":"2025-11-12T06:20:41","modified_gmt":"2025-11-12T12:20:41","slug":"elementaire-2986","status":"publish","type":"product","link":"https:\/\/www.plancuts.com\/fr\/produit\/elementaire-2986\/","title":{"rendered":"Texture"},"content":{"rendered":"<div data-elementor-type=\"product-post\" data-elementor-id=\"2986\" class=\"elementor elementor-2986\" data-elementor-post-type=\"product\">\n\t\t\t\t<div class=\"elementor-element elementor-element-1744a9f0 e-flex e-con-boxed e-con e-parent\" data-id=\"1744a9f0\" data-element_type=\"container\">\n\t\t\t\t\t<div class=\"e-con-inner\">\n\t\t\t\t<div class=\"elementor-element elementor-element-230eeb7b elementor-widget elementor-widget-heading\" data-id=\"230eeb7b\" data-element_type=\"widget\" data-widget_type=\"heading.default\">\n\t\t\t\t<div class=\"elementor-widget-container\">\n\t\t\t\t\t<h3 class=\"elementor-heading-title elementor-size-default\">Textura - Le mod\u00e8le de la force<\/h3>\t\t\t\t<\/div>\n\t\t\t\t<\/div>\n\t\t\t\t\t<\/div>\n\t\t\t\t<\/div>\n\t\t<div class=\"elementor-element elementor-element-27d0fc7 e-flex e-con-boxed e-con e-parent\" data-id=\"27d0fc7\" data-element_type=\"container\">\n\t\t\t\t\t<div class=\"e-con-inner\">\n\t\t\t\t<div class=\"elementor-element elementor-element-1390a9cf elementor-widget elementor-widget-text-editor\" data-id=\"1390a9cf\" data-element_type=\"widget\" data-widget_type=\"text-editor.default\">\n\t\t\t\t<div class=\"elementor-widget-container\">\n\t\t\t\t\t\t\t\t\t<p>Le nom Textura vient du latin et signifie \u201ctexture\u201d. Il incarne un dialogue entre le motif et la structure ; chaque ligne, chaque point de connexion, chaque ombre parle de pr\u00e9cision et de beaut\u00e9. Le motif en damier complexe de la chaise fait \u00e9cho \u00e0 l'artisanat ancien - il ne s'agit pas d'une simple d\u00e9coration, mais d'un motif rythmique qui s'imbrique les uns dans les autres.<\/p>\t\t\t\t\t\t\t\t<\/div>\n\t\t\t\t<\/div>\n\t\t\t\t<div class=\"elementor-element elementor-element-1888ad0 elementor-widget-divider--view-line elementor-widget elementor-widget-divider\" data-id=\"1888ad0\" data-element_type=\"widget\" data-widget_type=\"divider.default\">\n\t\t\t\t<div class=\"elementor-widget-container\">\n\t\t\t\t\t\t\t<div class=\"elementor-divider\">\n\t\t\t<span class=\"elementor-divider-separator\">\n\t\t\t\t\t\t<\/span>\n\t\t<\/div>\n\t\t\t\t\t\t<\/div>\n\t\t\t\t<\/div>\n\t\t\t\t\t<\/div>\n\t\t\t\t<\/div>\n\t\t<div class=\"elementor-element elementor-element-7ff64e02 e-flex e-con-boxed e-con e-parent\" data-id=\"7ff64e02\" data-element_type=\"container\">\n\t\t\t\t\t<div class=\"e-con-inner\">\n\t\t<div class=\"elementor-element elementor-element-5f552741 e-con-full e-flex e-con e-child\" data-id=\"5f552741\" data-element_type=\"container\">\n\t\t\t\t<div class=\"elementor-element elementor-element-1b961ba9 elementor-widget elementor-widget-heading\" data-id=\"1b961ba9\" data-element_type=\"widget\" data-widget_type=\"heading.default\">\n\t\t\t\t<div class=\"elementor-widget-container\">\n\t\t\t\t\t<h3 class=\"elementor-heading-title elementor-size-default\">\nSp\u00e9cifications<\/h3>\t\t\t\t<\/div>\n\t\t\t\t<\/div>\n\t\t\t\t<\/div>\n\t\t\t\t<div class=\"elementor-element elementor-element-a2e9c1d elementor-widget elementor-widget-image\" data-id=\"a2e9c1d\" data-element_type=\"widget\" data-widget_type=\"image.default\">\n\t\t\t\t<div class=\"elementor-widget-container\">\n\t\t\t\t\t\t\t\t\t\t\t\t\t\t\t<img fetchpriority=\"high\" decoding=\"async\" width=\"1241\" height=\"722\" src=\"https:\/\/www.plancuts.com\/wp-content\/uploads\/2025\/11\/textura-a.webp\" class=\"attachment-full size-full wp-image-3029\" alt=\"textura\" srcset=\"https:\/\/www.plancuts.com\/wp-content\/uploads\/2025\/11\/textura-a.webp 1241w, https:\/\/www.plancuts.com\/wp-content\/uploads\/2025\/11\/textura-a-400x233.webp 400w, https:\/\/www.plancuts.com\/wp-content\/uploads\/2025\/11\/textura-a-768x447.webp 768w, https:\/\/www.plancuts.com\/wp-content\/uploads\/2025\/11\/textura-a-18x10.webp 18w, https:\/\/www.plancuts.com\/wp-content\/uploads\/2025\/11\/textura-a-800x465.webp 800w\" sizes=\"(max-width: 1241px) 100vw, 1241px\" title=\"Texture\">\t\t\t\t\t\t\t\t\t\t\t\t\t\t\t<\/div>\n\t\t\t\t<\/div>\n\t\t\t\t<div class=\"elementor-element elementor-element-557ddb37 elementor-widget elementor-widget-image\" data-id=\"557ddb37\" data-element_type=\"widget\" data-widget_type=\"image.default\">\n\t\t\t\t<div class=\"elementor-widget-container\">\n\t\t\t\t\t\t\t\t\t\t\t\t\t\t\t<img decoding=\"async\" width=\"1241\" height=\"839\" src=\"https:\/\/www.plancuts.com\/wp-content\/uploads\/2025\/11\/textura-b.webp\" class=\"attachment-full size-full wp-image-3030\" alt=\"textura\" srcset=\"https:\/\/www.plancuts.com\/wp-content\/uploads\/2025\/11\/textura-b.webp 1241w, https:\/\/www.plancuts.com\/wp-content\/uploads\/2025\/11\/textura-b-400x270.webp 400w, https:\/\/www.plancuts.com\/wp-content\/uploads\/2025\/11\/textura-b-768x519.webp 768w, https:\/\/www.plancuts.com\/wp-content\/uploads\/2025\/11\/textura-b-18x12.webp 18w, https:\/\/www.plancuts.com\/wp-content\/uploads\/2025\/11\/textura-b-800x541.webp 800w\" sizes=\"(max-width: 1241px) 100vw, 1241px\" title=\"Texture\">\t\t\t\t\t\t\t\t\t\t\t\t\t\t\t<\/div>\n\t\t\t\t<\/div>\n\t\t\t\t<div class=\"elementor-element elementor-element-394e5ba6 elementor-widget-divider--view-line elementor-widget elementor-widget-divider\" data-id=\"394e5ba6\" data-element_type=\"widget\" data-widget_type=\"divider.default\">\n\t\t\t\t<div class=\"elementor-widget-container\">\n\t\t\t\t\t\t\t<div class=\"elementor-divider\">\n\t\t\t<span class=\"elementor-divider-separator\">\n\t\t\t\t\t\t<\/span>\n\t\t<\/div>\n\t\t\t\t\t\t<\/div>\n\t\t\t\t<\/div>\n\t\t\t\t<div class=\"elementor-element elementor-element-754dd46d elementor-widget elementor-widget-image\" data-id=\"754dd46d\" data-element_type=\"widget\" data-widget_type=\"image.default\">\n\t\t\t\t<div class=\"elementor-widget-container\">\n\t\t\t\t\t\t\t\t\t\t\t\t\t\t\t<img decoding=\"async\" width=\"1563\" height=\"250\" src=\"https:\/\/www.plancuts.com\/wp-content\/uploads\/2025\/10\/dxf-step.webp\" class=\"attachment-full size-full wp-image-2972\" alt=\"curviva\" srcset=\"https:\/\/www.plancuts.com\/wp-content\/uploads\/2025\/10\/dxf-step.webp 1563w, https:\/\/www.plancuts.com\/wp-content\/uploads\/2025\/10\/dxf-step-400x64.webp 400w, https:\/\/www.plancuts.com\/wp-content\/uploads\/2025\/10\/dxf-step-768x123.webp 768w, https:\/\/www.plancuts.com\/wp-content\/uploads\/2025\/10\/dxf-step-1536x246.webp 1536w, https:\/\/www.plancuts.com\/wp-content\/uploads\/2025\/10\/dxf-step-18x3.webp 18w, https:\/\/www.plancuts.com\/wp-content\/uploads\/2025\/10\/dxf-step-800x128.webp 800w\" sizes=\"(max-width: 1563px) 100vw, 1563px\" title=\"Texture\">\t\t\t\t\t\t\t\t\t\t\t\t\t\t\t<\/div>\n\t\t\t\t<\/div>\n\t\t\t\t<div class=\"elementor-element elementor-element-77e489a0 elementor-widget-divider--view-line elementor-widget elementor-widget-divider\" data-id=\"77e489a0\" data-element_type=\"widget\" data-widget_type=\"divider.default\">\n\t\t\t\t<div class=\"elementor-widget-container\">\n\t\t\t\t\t\t\t<div class=\"elementor-divider\">\n\t\t\t<span class=\"elementor-divider-separator\">\n\t\t\t\t\t\t<\/span>\n\t\t<\/div>\n\t\t\t\t\t\t<\/div>\n\t\t\t\t<\/div>\n\t\t\t\t\t<\/div>\n\t\t\t\t<\/div>\n\t\t<div class=\"elementor-element elementor-element-65b48bee e-flex e-con-boxed e-con e-parent\" data-id=\"65b48bee\" data-element_type=\"container\">\n\t\t\t\t\t<div class=\"e-con-inner\">\n\t\t\t\t<div class=\"elementor-element elementor-element-62859ae0 elementor-widget elementor-widget-heading\" data-id=\"62859ae0\" data-element_type=\"widget\" data-widget_type=\"heading.default\">\n\t\t\t\t<div class=\"elementor-widget-container\">\n\t\t\t\t\t<h3 class=\"elementor-heading-title elementor-size-default\">Avant d'acheter<\/h3>\t\t\t\t<\/div>\n\t\t\t\t<\/div>\n\t\t\t\t\t<\/div>\n\t\t\t\t<\/div>\n\t\t<div class=\"elementor-element elementor-element-26034b60 e-flex e-con-boxed e-con e-parent\" data-id=\"26034b60\" data-element_type=\"container\">\n\t\t\t\t\t<div class=\"e-con-inner\">\n\t\t\t\t<div class=\"elementor-element elementor-element-211a17de elementor-widget elementor-widget-text-editor\" data-id=\"211a17de\" data-element_type=\"widget\" data-widget_type=\"text-editor.default\">\n\t\t\t\t<div class=\"elementor-widget-container\">\n\t\t\t\t\t\t\t\t\t<p class=\"p1\">Veuillez noter que les fichiers num\u00e9riques que vous achetez sont r\u00e9serv\u00e9s \u00e0 un usage personnel et que vous n'\u00eates pas autoris\u00e9 \u00e0 les reproduire, \u00e0 les vendre ou \u00e0 les utiliser \u00e0 des fins commerciales.<\/p><p class=\"p1\">En raison de la nature reproductible des produits num\u00e9riques, nous n'acceptons pas les remboursements, sauf si les fichiers sont endommag\u00e9s ou inaccessibles.<\/p><p class=\"p1\">Si vous avez des questions concernant les fichiers, n'h\u00e9sitez pas \u00e0 nous contacter avant de passer votre commande.<\/p><p class=\"p1\">Si vous rencontrez des probl\u00e8mes lors de la production ou de l'interpr\u00e9tation des dessins, vous pouvez nous consulter gratuitement.<a style=\"font-size: 16px; background-color: #ffffff;\" href=\"mailto:service@plancuts.com\">service@plancuts.com<\/a><\/p><p class=\"p1\"><strong>Merci de votre compr\u00e9hension et de votre soutien.<\/strong><\/p>\t\t\t\t\t\t\t\t<\/div>\n\t\t\t\t<\/div>\n\t\t\t\t\t<\/div>\n\t\t\t\t<\/div>\n\t\t\t\t<\/div>","protected":false},"excerpt":{"rendered":"<p>Textura \u2014 The Pattern of Strength The name Textura originates from Latin and means &#8220;texture.&#8221;It embodies a dialogue between pattern and structure; every line, every connection point, every shadow speaks of precision and beauty.The intricate checkered pattern on the chair echoes ancient craftsmanship\u2014it is not merely decoration, but a rhythmic interlocking design. Specification Before You [&hellip;]<\/p>","protected":false},"featured_media":2994,"comment_status":"open","ping_status":"closed","template":"","meta":{"site-sidebar-layout":"no-sidebar","site-content-layout":"page-builder","ast-site-content-layout":"normal-width-container","site-content-style":"boxed","site-sidebar-style":"unboxed","ast-global-header-display":"","ast-banner-title-visibility":"","ast-main-header-display":"","ast-hfb-above-header-display":"","ast-hfb-below-header-display":"","ast-hfb-mobile-header-display":"","site-post-title":"","ast-breadcrumbs-content":"","ast-featured-img":"disabled","footer-sml-layout":"","theme-transparent-header-meta":"default","adv-header-id-meta":"","stick-header-meta":"","header-above-stick-meta":"","header-main-stick-meta":"","header-below-stick-meta":"","astra-migrate-meta-layouts":"set","ast-page-background-enabled":"default","ast-page-background-meta":{"desktop":{"background-color":"var(--ast-global-color-4)","background-image":"","background-repeat":"repeat","background-position":"center center","background-size":"auto","background-attachment":"scroll","background-type":"","background-media":"","overlay-type":"","overlay-color":"","overlay-opacity":"","overlay-gradient":""},"tablet":{"background-color":"","background-image":"","background-repeat":"repeat","background-position":"center center","background-size":"auto","background-attachment":"scroll","background-type":"","background-media":"","overlay-type":"","overlay-color":"","overlay-opacity":"","overlay-gradient":""},"mobile":{"background-color":"","background-image":"","background-repeat":"repeat","background-position":"center center","background-size":"auto","background-attachment":"scroll","background-type":"","background-media":"","overlay-type":"","overlay-color":"","overlay-opacity":"","overlay-gradient":""}},"ast-content-background-meta":{"desktop":{"background-color":"var(--ast-global-color-5)","background-image":"","background-repeat":"repeat","background-position":"center center","background-size":"auto","background-attachment":"scroll","background-type":"","background-media":"","overlay-type":"","overlay-color":"","overlay-opacity":"","overlay-gradient":""},"tablet":{"background-color":"var(--ast-global-color-5)","background-image":"","background-repeat":"repeat","background-position":"center center","background-size":"auto","background-attachment":"scroll","background-type":"","background-media":"","overlay-type":"","overlay-color":"","overlay-opacity":"","overlay-gradient":""},"mobile":{"background-color":"var(--ast-global-color-5)","background-image":"","background-repeat":"repeat","background-position":"center center","background-size":"auto","background-attachment":"scroll","background-type":"","background-media":"","overlay-type":"","overlay-color":"","overlay-opacity":"","overlay-gradient":""}}},"product_brand":[],"product_cat":[15],"product_tag":[],"class_list":{"0":"post-2986","1":"product","2":"type-product","3":"status-publish","4":"has-post-thumbnail","6":"product_cat-stool","7":"desktop-align-center","8":"tablet-align-left","9":"mobile-align-left","11":"first","12":"outofstock","13":"shipping-taxable","14":"purchasable","15":"product-type-simple"},"jetpack_sharing_enabled":true,"_links":{"self":[{"href":"https:\/\/www.plancuts.com\/fr\/wp-json\/wp\/v2\/product\/2986","targetHints":{"allow":["GET"]}}],"collection":[{"href":"https:\/\/www.plancuts.com\/fr\/wp-json\/wp\/v2\/product"}],"about":[{"href":"https:\/\/www.plancuts.com\/fr\/wp-json\/wp\/v2\/types\/product"}],"replies":[{"embeddable":true,"href":"https:\/\/www.plancuts.com\/fr\/wp-json\/wp\/v2\/comments?post=2986"}],"version-history":[{"count":13,"href":"https:\/\/www.plancuts.com\/fr\/wp-json\/wp\/v2\/product\/2986\/revisions"}],"predecessor-version":[{"id":3067,"href":"https:\/\/www.plancuts.com\/fr\/wp-json\/wp\/v2\/product\/2986\/revisions\/3067"}],"wp:featuredmedia":[{"embeddable":true,"href":"https:\/\/www.plancuts.com\/fr\/wp-json\/wp\/v2\/media\/2994"}],"wp:attachment":[{"href":"https:\/\/www.plancuts.com\/fr\/wp-json\/wp\/v2\/media?parent=2986"}],"wp:term":[{"taxonomy":"product_brand","embeddable":true,"href":"https:\/\/www.plancuts.com\/fr\/wp-json\/wp\/v2\/product_brand?post=2986"},{"taxonomy":"product_cat","embeddable":true,"href":"https:\/\/www.plancuts.com\/fr\/wp-json\/wp\/v2\/product_cat?post=2986"},{"taxonomy":"product_tag","embeddable":true,"href":"https:\/\/www.plancuts.com\/fr\/wp-json\/wp\/v2\/product_tag?post=2986"}],"curies":[{"name":"wp","href":"https:\/\/api.w.org\/{rel}","templated":true}]}}