{"id":2991,"date":"2025-11-03T21:09:09","date_gmt":"2025-11-04T03:09:09","guid":{"rendered":"https:\/\/www.plancuts.com\/?post_type=product&#038;p=2991"},"modified":"2026-04-15T21:51:29","modified_gmt":"2026-04-16T02:51:29","slug":"textura","status":"publish","type":"product","link":"https:\/\/www.plancuts.com\/fr\/produit\/textura\/","title":{"rendered":"Repos de la ruche"},"content":{"rendered":"<div data-elementor-type=\"product-post\" data-elementor-id=\"2991\" class=\"elementor elementor-2991\" data-elementor-post-type=\"product\">\n\t\t\t\t<div class=\"elementor-element elementor-element-fea016e e-flex e-con-boxed e-con e-parent\" data-id=\"fea016e\" data-element_type=\"container\">\n\t\t\t\t\t<div class=\"e-con-inner\">\n\t\t\t\t<div class=\"elementor-element elementor-element-1665f9b4 elementor-widget elementor-widget-heading\" data-id=\"1665f9b4\" data-element_type=\"widget\" data-widget_type=\"heading.default\">\n\t\t\t\t<div class=\"elementor-widget-container\">\n\t\t\t\t\t<h3 class=\"elementor-heading-title elementor-size-default\">HiveRest - L\u00e0 o\u00f9 le bois et le vent tissent le souffle de la ruche<\/h3>\t\t\t\t<\/div>\n\t\t\t\t<\/div>\n\t\t\t\t\t<\/div>\n\t\t\t\t<\/div>\n\t\t<div class=\"elementor-element elementor-element-25e77624 e-flex e-con-boxed e-con e-parent\" data-id=\"25e77624\" data-element_type=\"container\">\n\t\t\t\t\t<div class=\"e-con-inner\">\n\t\t\t\t<div class=\"elementor-element elementor-element-6b1fc8ca elementor-widget elementor-widget-text-editor\" data-id=\"6b1fc8ca\" data-element_type=\"widget\" data-widget_type=\"text-editor.default\">\n\t\t\t\t<div class=\"elementor-widget-container\">\n\t\t\t\t\t\t\t\t\t<p class=\"p1\">HiveRest est constitu\u00e9 de panneaux de bois entrelac\u00e9s qui cr\u00e9ent une grille d'ouvertures carr\u00e9es parfaites - aussi ordonn\u00e9es qu'un nid d'abeilles et aussi fluides que le vent passant \u00e0 travers le bois.<br \/>Chaque coupe est plac\u00e9e avec pr\u00e9cision, portant non seulement le poids mais aussi la danse de l'ombre et de la lumi\u00e8re \u00e0 l'int\u00e9rieur de chaque carr\u00e9.<\/p>\t\t\t\t\t\t\t\t<\/div>\n\t\t\t\t<\/div>\n\t\t\t\t<div class=\"elementor-element elementor-element-44bbdbc5 elementor-widget-divider--view-line elementor-widget elementor-widget-divider\" data-id=\"44bbdbc5\" data-element_type=\"widget\" data-widget_type=\"divider.default\">\n\t\t\t\t<div class=\"elementor-widget-container\">\n\t\t\t\t\t\t\t<div class=\"elementor-divider\">\n\t\t\t<span class=\"elementor-divider-separator\">\n\t\t\t\t\t\t<\/span>\n\t\t<\/div>\n\t\t\t\t\t\t<\/div>\n\t\t\t\t<\/div>\n\t\t\t\t\t<\/div>\n\t\t\t\t<\/div>\n\t\t<div class=\"elementor-element elementor-element-e271382 e-flex e-con-boxed e-con e-parent\" data-id=\"e271382\" data-element_type=\"container\">\n\t\t\t\t\t<div class=\"e-con-inner\">\n\t\t<div class=\"elementor-element elementor-element-7d6ae815 e-con-full e-flex e-con e-child\" data-id=\"7d6ae815\" data-element_type=\"container\">\n\t\t\t\t<div class=\"elementor-element elementor-element-517df7eb elementor-widget elementor-widget-heading\" data-id=\"517df7eb\" data-element_type=\"widget\" data-widget_type=\"heading.default\">\n\t\t\t\t<div class=\"elementor-widget-container\">\n\t\t\t\t\t<h3 class=\"elementor-heading-title elementor-size-default\">\nSp\u00e9cifications<\/h3>\t\t\t\t<\/div>\n\t\t\t\t<\/div>\n\t\t\t\t<\/div>\n\t\t\t\t<div class=\"elementor-element elementor-element-6628c1ac elementor-widget elementor-widget-image\" data-id=\"6628c1ac\" data-element_type=\"widget\" data-widget_type=\"image.default\">\n\t\t\t\t<div class=\"elementor-widget-container\">\n\t\t\t\t\t\t\t\t\t\t\t\t\t\t\t<img fetchpriority=\"high\" decoding=\"async\" width=\"1242\" height=\"722\" src=\"https:\/\/www.plancuts.com\/wp-content\/uploads\/2025\/11\/Hrverest-a.webp\" class=\"attachment-full size-full wp-image-3027\" alt=\"textura\" srcset=\"https:\/\/www.plancuts.com\/wp-content\/uploads\/2025\/11\/Hrverest-a.webp 1242w, https:\/\/www.plancuts.com\/wp-content\/uploads\/2025\/11\/Hrverest-a-400x233.webp 400w, https:\/\/www.plancuts.com\/wp-content\/uploads\/2025\/11\/Hrverest-a-768x446.webp 768w, https:\/\/www.plancuts.com\/wp-content\/uploads\/2025\/11\/Hrverest-a-18x10.webp 18w, https:\/\/www.plancuts.com\/wp-content\/uploads\/2025\/11\/Hrverest-a-800x465.webp 800w\" sizes=\"(max-width: 1242px) 100vw, 1242px\" title=\"Repos de la ruche\">\t\t\t\t\t\t\t\t\t\t\t\t\t\t\t<\/div>\n\t\t\t\t<\/div>\n\t\t\t\t<div class=\"elementor-element elementor-element-41357fcf elementor-widget elementor-widget-image\" data-id=\"41357fcf\" data-element_type=\"widget\" data-widget_type=\"image.default\">\n\t\t\t\t<div class=\"elementor-widget-container\">\n\t\t\t\t\t\t\t\t\t\t\t\t\t\t\t<img decoding=\"async\" width=\"1242\" height=\"839\" src=\"https:\/\/www.plancuts.com\/wp-content\/uploads\/2025\/11\/Hrverest-b.webp\" class=\"attachment-full size-full wp-image-3028\" alt=\"textura\" srcset=\"https:\/\/www.plancuts.com\/wp-content\/uploads\/2025\/11\/Hrverest-b.webp 1242w, https:\/\/www.plancuts.com\/wp-content\/uploads\/2025\/11\/Hrverest-b-400x270.webp 400w, https:\/\/www.plancuts.com\/wp-content\/uploads\/2025\/11\/Hrverest-b-768x519.webp 768w, https:\/\/www.plancuts.com\/wp-content\/uploads\/2025\/11\/Hrverest-b-18x12.webp 18w, https:\/\/www.plancuts.com\/wp-content\/uploads\/2025\/11\/Hrverest-b-800x540.webp 800w\" sizes=\"(max-width: 1242px) 100vw, 1242px\" title=\"Repos de la ruche\">\t\t\t\t\t\t\t\t\t\t\t\t\t\t\t<\/div>\n\t\t\t\t<\/div>\n\t\t\t\t<div class=\"elementor-element elementor-element-3cb3bf51 elementor-widget-divider--view-line elementor-widget elementor-widget-divider\" data-id=\"3cb3bf51\" data-element_type=\"widget\" data-widget_type=\"divider.default\">\n\t\t\t\t<div class=\"elementor-widget-container\">\n\t\t\t\t\t\t\t<div class=\"elementor-divider\">\n\t\t\t<span class=\"elementor-divider-separator\">\n\t\t\t\t\t\t<\/span>\n\t\t<\/div>\n\t\t\t\t\t\t<\/div>\n\t\t\t\t<\/div>\n\t\t\t\t<div class=\"elementor-element elementor-element-124d27b9 elementor-widget elementor-widget-image\" data-id=\"124d27b9\" data-element_type=\"widget\" data-widget_type=\"image.default\">\n\t\t\t\t<div class=\"elementor-widget-container\">\n\t\t\t\t\t\t\t\t\t\t\t\t\t\t\t<img decoding=\"async\" width=\"1563\" height=\"250\" src=\"https:\/\/www.plancuts.com\/wp-content\/uploads\/2025\/10\/dxf-step.webp\" class=\"attachment-full size-full wp-image-2972\" alt=\"curviva\" srcset=\"https:\/\/www.plancuts.com\/wp-content\/uploads\/2025\/10\/dxf-step.webp 1563w, https:\/\/www.plancuts.com\/wp-content\/uploads\/2025\/10\/dxf-step-400x64.webp 400w, https:\/\/www.plancuts.com\/wp-content\/uploads\/2025\/10\/dxf-step-768x123.webp 768w, https:\/\/www.plancuts.com\/wp-content\/uploads\/2025\/10\/dxf-step-1536x246.webp 1536w, https:\/\/www.plancuts.com\/wp-content\/uploads\/2025\/10\/dxf-step-18x3.webp 18w, https:\/\/www.plancuts.com\/wp-content\/uploads\/2025\/10\/dxf-step-800x128.webp 800w\" sizes=\"(max-width: 1563px) 100vw, 1563px\" title=\"Repos de la ruche\">\t\t\t\t\t\t\t\t\t\t\t\t\t\t\t<\/div>\n\t\t\t\t<\/div>\n\t\t\t\t<div class=\"elementor-element elementor-element-50d5b1fa elementor-widget-divider--view-line elementor-widget elementor-widget-divider\" data-id=\"50d5b1fa\" data-element_type=\"widget\" data-widget_type=\"divider.default\">\n\t\t\t\t<div class=\"elementor-widget-container\">\n\t\t\t\t\t\t\t<div class=\"elementor-divider\">\n\t\t\t<span class=\"elementor-divider-separator\">\n\t\t\t\t\t\t<\/span>\n\t\t<\/div>\n\t\t\t\t\t\t<\/div>\n\t\t\t\t<\/div>\n\t\t\t\t\t<\/div>\n\t\t\t\t<\/div>\n\t\t<div class=\"elementor-element elementor-element-cf0fb15 e-flex e-con-boxed e-con e-parent\" data-id=\"cf0fb15\" data-element_type=\"container\">\n\t\t\t\t\t<div class=\"e-con-inner\">\n\t\t\t\t<div class=\"elementor-element elementor-element-74248b28 elementor-widget elementor-widget-heading\" data-id=\"74248b28\" data-element_type=\"widget\" data-widget_type=\"heading.default\">\n\t\t\t\t<div class=\"elementor-widget-container\">\n\t\t\t\t\t<h3 class=\"elementor-heading-title elementor-size-default\">Avant d'acheter<\/h3>\t\t\t\t<\/div>\n\t\t\t\t<\/div>\n\t\t\t\t\t<\/div>\n\t\t\t\t<\/div>\n\t\t<div class=\"elementor-element elementor-element-3f029bc8 e-flex e-con-boxed e-con e-parent\" data-id=\"3f029bc8\" data-element_type=\"container\">\n\t\t\t\t\t<div class=\"e-con-inner\">\n\t\t\t\t<div class=\"elementor-element elementor-element-4983b5d6 elementor-widget elementor-widget-text-editor\" data-id=\"4983b5d6\" data-element_type=\"widget\" data-widget_type=\"text-editor.default\">\n\t\t\t\t<div class=\"elementor-widget-container\">\n\t\t\t\t\t\t\t\t\t<p class=\"p1\">Veuillez noter que les fichiers num\u00e9riques que vous achetez sont r\u00e9serv\u00e9s \u00e0 un usage personnel et que vous n'\u00eates pas autoris\u00e9 \u00e0 les reproduire, \u00e0 les vendre ou \u00e0 les utiliser \u00e0 des fins commerciales.<\/p><p class=\"p1\">En raison de la nature reproductible des produits num\u00e9riques, nous n'acceptons pas les remboursements, sauf si les fichiers sont endommag\u00e9s ou inaccessibles.<\/p><p class=\"p1\">Si vous avez des questions concernant les fichiers, n'h\u00e9sitez pas \u00e0 nous contacter avant de passer votre commande.<\/p><p class=\"p1\">Si vous rencontrez des probl\u00e8mes lors de la production ou de l'interpr\u00e9tation des dessins, vous pouvez nous consulter gratuitement.<a style=\"font-size: 16px; background-color: #ffffff;\" href=\"mailto:service@plancuts.com\">service@plancuts.com<\/a><\/p><p class=\"p1\"><strong>Merci de votre compr\u00e9hension et de votre soutien.<\/strong><\/p>\t\t\t\t\t\t\t\t<\/div>\n\t\t\t\t<\/div>\n\t\t\t\t\t<\/div>\n\t\t\t\t<\/div>\n\t\t<div class=\"elementor-element elementor-element-7a5596b e-flex e-con-boxed e-con e-parent\" data-id=\"7a5596b\" data-element_type=\"container\">\n\t\t\t\t\t<div class=\"e-con-inner\">\n\t\t\t\t\t<\/div>\n\t\t\t\t<\/div>\n\t\t\t\t<\/div>","protected":false},"excerpt":{"rendered":"<p>HiveRest \u2014 Where Wood and Wind Weave the Breath of a Hive HiveRest is formed by interlaced wooden panels that create a grid of perfect square openings \u2014 as orderly as a honeycomb, and as fluid as wind passing through wood. Every cut is precisely placed, bearing not only weight but also the dance of [&hellip;]<\/p>","protected":false},"featured_media":3002,"comment_status":"open","ping_status":"closed","template":"","meta":{"site-sidebar-layout":"no-sidebar","site-content-layout":"page-builder","ast-site-content-layout":"normal-width-container","site-content-style":"boxed","site-sidebar-style":"default","ast-global-header-display":"","ast-banner-title-visibility":"","ast-main-header-display":"","ast-hfb-above-header-display":"","ast-hfb-below-header-display":"","ast-hfb-mobile-header-display":"","site-post-title":"","ast-breadcrumbs-content":"","ast-featured-img":"disabled","footer-sml-layout":"","theme-transparent-header-meta":"default","adv-header-id-meta":"","stick-header-meta":"","header-above-stick-meta":"","header-main-stick-meta":"","header-below-stick-meta":"","astra-migrate-meta-layouts":"set","ast-page-background-enabled":"default","ast-page-background-meta":{"desktop":{"background-color":"var(--ast-global-color-4)","background-image":"","background-repeat":"repeat","background-position":"center center","background-size":"auto","background-attachment":"scroll","background-type":"","background-media":"","overlay-type":"","overlay-color":"","overlay-opacity":"","overlay-gradient":""},"tablet":{"background-color":"","background-image":"","background-repeat":"repeat","background-position":"center center","background-size":"auto","background-attachment":"scroll","background-type":"","background-media":"","overlay-type":"","overlay-color":"","overlay-opacity":"","overlay-gradient":""},"mobile":{"background-color":"","background-image":"","background-repeat":"repeat","background-position":"center center","background-size":"auto","background-attachment":"scroll","background-type":"","background-media":"","overlay-type":"","overlay-color":"","overlay-opacity":"","overlay-gradient":""}},"ast-content-background-meta":{"desktop":{"background-color":"var(--ast-global-color-5)","background-image":"","background-repeat":"repeat","background-position":"center center","background-size":"auto","background-attachment":"scroll","background-type":"","background-media":"","overlay-type":"","overlay-color":"","overlay-opacity":"","overlay-gradient":""},"tablet":{"background-color":"var(--ast-global-color-5)","background-image":"","background-repeat":"repeat","background-position":"center center","background-size":"auto","background-attachment":"scroll","background-type":"","background-media":"","overlay-type":"","overlay-color":"","overlay-opacity":"","overlay-gradient":""},"mobile":{"background-color":"var(--ast-global-color-5)","background-image":"","background-repeat":"repeat","background-position":"center center","background-size":"auto","background-attachment":"scroll","background-type":"","background-media":"","overlay-type":"","overlay-color":"","overlay-opacity":"","overlay-gradient":""}}},"product_brand":[],"product_cat":[15],"product_tag":[],"class_list":{"0":"post-2991","1":"product","2":"type-product","3":"status-publish","4":"has-post-thumbnail","6":"product_cat-stool","7":"desktop-align-center","8":"tablet-align-left","9":"mobile-align-left","11":"first","12":"outofstock","13":"virtual","14":"purchasable","15":"product-type-simple"},"jetpack_sharing_enabled":true,"_links":{"self":[{"href":"https:\/\/www.plancuts.com\/fr\/wp-json\/wp\/v2\/product\/2991","targetHints":{"allow":["GET"]}}],"collection":[{"href":"https:\/\/www.plancuts.com\/fr\/wp-json\/wp\/v2\/product"}],"about":[{"href":"https:\/\/www.plancuts.com\/fr\/wp-json\/wp\/v2\/types\/product"}],"replies":[{"embeddable":true,"href":"https:\/\/www.plancuts.com\/fr\/wp-json\/wp\/v2\/comments?post=2991"}],"version-history":[{"count":8,"href":"https:\/\/www.plancuts.com\/fr\/wp-json\/wp\/v2\/product\/2991\/revisions"}],"predecessor-version":[{"id":3250,"href":"https:\/\/www.plancuts.com\/fr\/wp-json\/wp\/v2\/product\/2991\/revisions\/3250"}],"wp:featuredmedia":[{"embeddable":true,"href":"https:\/\/www.plancuts.com\/fr\/wp-json\/wp\/v2\/media\/3002"}],"wp:attachment":[{"href":"https:\/\/www.plancuts.com\/fr\/wp-json\/wp\/v2\/media?parent=2991"}],"wp:term":[{"taxonomy":"product_brand","embeddable":true,"href":"https:\/\/www.plancuts.com\/fr\/wp-json\/wp\/v2\/product_brand?post=2991"},{"taxonomy":"product_cat","embeddable":true,"href":"https:\/\/www.plancuts.com\/fr\/wp-json\/wp\/v2\/product_cat?post=2991"},{"taxonomy":"product_tag","embeddable":true,"href":"https:\/\/www.plancuts.com\/fr\/wp-json\/wp\/v2\/product_tag?post=2991"}],"curies":[{"name":"wp","href":"https:\/\/api.w.org\/{rel}","templated":true}]}}